{"id":80,"date":"2013-08-08T13:17:23","date_gmt":"2013-08-08T13:17:23","guid":{"rendered":"http:\/\/www.dilui.com.br\/?post_type=product&#038;p=80"},"modified":"2019-05-07T15:14:19","modified_gmt":"2019-05-07T15:14:19","slug":"produto-modelo-04","status":"publish","type":"product","link":"https:\/\/www.dilui.com.br\/?product=produto-modelo-04","title":{"rendered":"Pano Multiuso Rolo 30MTS"},"content":{"rendered":"<p>Os panos multiuso s\u00e3o muito utilizados em restaurantes, bares, lanchonetes e institui\u00e7\u00f5es de sa\u00fade.<\/p>\n<p>As op\u00e7\u00f5es de cores n\u00e3o s\u00e3o por acaso. Cores diferentes s\u00e3o usadas para distinguir locais de utiliza\u00e7\u00e3o.<\/p>\n<p>Esse procedimento ajuda a evitar contamina\u00e7\u00e3o cruzada.<\/p>\n","protected":false},"excerpt":{"rendered":"<p>Os panos multiuso s\u00e3o muito utilizados em restaurantes, bares, lanchonetes e institui\u00e7\u00f5es de sa\u00fade. As op\u00e7\u00f5es de cores n\u00e3o s\u00e3o por acaso. Cores diferentes s\u00e3o usadas para distinguir locais de utiliza\u00e7\u00e3o. Esse procedimento ajuda a evitar contamina\u00e7\u00e3o cruzada.<\/p>\n","protected":false},"featured_media":113,"comment_status":"closed","ping_status":"closed","template":"","meta":{"kt_blocks_editor_width":""},"_links":{"self":[{"href":"https:\/\/www.dilui.com.br\/index.php?rest_route=\/wp\/v2\/product\/80"}],"collection":[{"href":"https:\/\/www.dilui.com.br\/index.php?rest_route=\/wp\/v2\/product"}],"about":[{"href":"https:\/\/www.dilui.com.br\/index.php?rest_route=\/wp\/v2\/types\/product"}],"replies":[{"embeddable":true,"href":"https:\/\/www.dilui.com.br\/index.php?rest_route=%2Fwp%2Fv2%2Fcomments&post=80"}],"wp:featuredmedia":[{"embeddable":true,"href":"https:\/\/www.dilui.com.br\/index.php?rest_route=\/wp\/v2\/media\/113"}],"wp:attachment":[{"href":"https:\/\/www.dilui.com.br\/index.php?rest_route=%2Fwp%2Fv2%2Fmedia&parent=80"}],"curies":[{"name":"wp","href":"https:\/\/api.w.org\/{rel}","templated":true}]}}