{"id":562,"date":"2013-09-12T18:10:08","date_gmt":"2013-09-12T18:10:08","guid":{"rendered":"http:\/\/www.dilui.com.br\/?post_type=product&#038;p=562"},"modified":"2021-04-28T21:44:34","modified_gmt":"2021-04-28T21:44:34","slug":"desinfetante-clorado-p-vegetais","status":"publish","type":"product","link":"https:\/\/www.dilui.com.br\/?product=desinfetante-clorado-p-vegetais","title":{"rendered":"Desinfetante Clorado p\/ Vegetais"},"content":{"rendered":"<p>INSTRU\u00c7\u00d5ES DE USO<br \/>\nLave as frutas, legumes e verduras com \u00e1gua corrente, para eliminar os res\u00edduos de terra. Ap\u00f3s a lavagem, imerg\u00ed-los na solu\u00e7\u00e3o a 0,2% (2 gramas para 1 litro de \u00e1gua) de Clean Sanitin Veg e deixar agir por 10 minutos.<br \/>\nEnxaguar com \u00e1gua limpa.<\/p>\n","protected":false},"excerpt":{"rendered":"<p>Clean Sanitin Veg \u00e9 indicado para sanitiza\u00e7\u00e3o de frutas, legumes e verduras.<br \/>\nSua f\u00f3rmula \u00e9 composta por subst\u00e2ncias apropriadas para o uso em alimentos, promovendo a sua\u00a0correta desinfec\u00e7\u00e3o.<br \/>\nDevido \u00e0 sua grande concentra\u00e7\u00e3o de ativos, proporciona excelente custo em uso.<\/p>\n<p><strong>Embalagem 3kg<\/strong><\/p>\n","protected":false},"featured_media":563,"comment_status":"closed","ping_status":"closed","template":"","meta":{"kt_blocks_editor_width":""},"_links":{"self":[{"href":"https:\/\/www.dilui.com.br\/index.php?rest_route=\/wp\/v2\/product\/562"}],"collection":[{"href":"https:\/\/www.dilui.com.br\/index.php?rest_route=\/wp\/v2\/product"}],"about":[{"href":"https:\/\/www.dilui.com.br\/index.php?rest_route=\/wp\/v2\/types\/product"}],"replies":[{"embeddable":true,"href":"https:\/\/www.dilui.com.br\/index.php?rest_route=%2Fwp%2Fv2%2Fcomments&post=562"}],"wp:featuredmedia":[{"embeddable":true,"href":"https:\/\/www.dilui.com.br\/index.php?rest_route=\/wp\/v2\/media\/563"}],"wp:attachment":[{"href":"https:\/\/www.dilui.com.br\/index.php?rest_route=%2Fwp%2Fv2%2Fmedia&parent=562"}],"curies":[{"name":"wp","href":"https:\/\/api.w.org\/{rel}","templated":true}]}}