{"id":46,"date":"2013-08-07T14:33:57","date_gmt":"2013-08-07T14:33:57","guid":{"rendered":"http:\/\/www.dilui.com.br\/?post_type=product&#038;p=46"},"modified":"2019-05-07T15:14:25","modified_gmt":"2019-05-07T15:14:25","slug":"produto-modelo-2","status":"publish","type":"product","link":"https:\/\/www.dilui.com.br\/?product=produto-modelo-2","title":{"rendered":"Pano Microfibra para Vidros"},"content":{"rendered":"<p>&#8211; Foi desenvolvido especialmente para limpeza de vidros e espelhos;<br \/>\n&#8211; N\u00e3o deixa res\u00edduos que outros panos costumam deixar, dispensando jornais amassados, flanelas e produtos qu\u00edmicos fortes;<br \/>\n&#8211; Limpeza com acabamento perfeito.<br \/>\n<strong>Dimens\u00f5es: 31 x 30 cm<\/strong><\/p>\n","protected":false},"excerpt":{"rendered":"<p>&#8211; Foi desenvolvido especialmente para limpeza de vidros e espelhos; &#8211; N\u00e3o deixa res\u00edduos que outros panos costumam deixar, dispensando jornais amassados, flanelas e produtos qu\u00edmicos fortes; &#8211; Limpeza com acabamento perfeito. Dimens\u00f5es: 31 x 30 cm<\/p>\n","protected":false},"featured_media":112,"comment_status":"closed","ping_status":"closed","template":"","meta":{"kt_blocks_editor_width":""},"_links":{"self":[{"href":"https:\/\/www.dilui.com.br\/index.php?rest_route=\/wp\/v2\/product\/46"}],"collection":[{"href":"https:\/\/www.dilui.com.br\/index.php?rest_route=\/wp\/v2\/product"}],"about":[{"href":"https:\/\/www.dilui.com.br\/index.php?rest_route=\/wp\/v2\/types\/product"}],"replies":[{"embeddable":true,"href":"https:\/\/www.dilui.com.br\/index.php?rest_route=%2Fwp%2Fv2%2Fcomments&post=46"}],"wp:featuredmedia":[{"embeddable":true,"href":"https:\/\/www.dilui.com.br\/index.php?rest_route=\/wp\/v2\/media\/112"}],"wp:attachment":[{"href":"https:\/\/www.dilui.com.br\/index.php?rest_route=%2Fwp%2Fv2%2Fmedia&parent=46"}],"curies":[{"name":"wp","href":"https:\/\/api.w.org\/{rel}","templated":true}]}}