{"id":407,"date":"2013-08-13T01:57:48","date_gmt":"2013-08-13T01:57:48","guid":{"rendered":"http:\/\/www.dilui.com.br\/?post_type=product&#038;p=407"},"modified":"2019-05-07T14:40:40","modified_gmt":"2019-05-07T14:40:40","slug":"sabonete-liquido-perolizado-1l","status":"publish","type":"product","link":"https:\/\/www.dilui.com.br\/?product=sabonete-liquido-perolizado-1l","title":{"rendered":"Sabonete L\u00edquido Perolizado &#8211; 1L"},"content":{"rendered":"<p><span style=\"font-size: 16px;\">Caracter\u00edsticas<\/span><br \/>\n\u2022 Proporciona limpeza e suavidade nas m\u00e3os;<br \/>\n\u2022 Ingredientes umectantes e emolientes;<br \/>\n\u2022 Agrad\u00e1veis fragr\u00e2ncias.<\/p>\n<p>Embalagem 1 litro<\/p>\n","protected":false},"excerpt":{"rendered":"<p><span style=\"font-size: 16px;\">Sabonete l\u00edquido para lavagem das m\u00e3os em lugares p\u00fablicos como shoppings, hot\u00e9is, mot\u00e9is, restaurantes, aeroportos, consult\u00f3rios, hospitais e escolas.<\/span><\/p>\n","protected":false},"featured_media":271,"comment_status":"closed","ping_status":"closed","template":"","meta":{"kt_blocks_editor_width":""},"_links":{"self":[{"href":"https:\/\/www.dilui.com.br\/index.php?rest_route=\/wp\/v2\/product\/407"}],"collection":[{"href":"https:\/\/www.dilui.com.br\/index.php?rest_route=\/wp\/v2\/product"}],"about":[{"href":"https:\/\/www.dilui.com.br\/index.php?rest_route=\/wp\/v2\/types\/product"}],"replies":[{"embeddable":true,"href":"https:\/\/www.dilui.com.br\/index.php?rest_route=%2Fwp%2Fv2%2Fcomments&post=407"}],"wp:featuredmedia":[{"embeddable":true,"href":"https:\/\/www.dilui.com.br\/index.php?rest_route=\/wp\/v2\/media\/271"}],"wp:attachment":[{"href":"https:\/\/www.dilui.com.br\/index.php?rest_route=%2Fwp%2Fv2%2Fmedia&parent=407"}],"curies":[{"name":"wp","href":"https:\/\/api.w.org\/{rel}","templated":true}]}}