{"id":404,"date":"2013-08-13T01:36:04","date_gmt":"2013-08-13T01:36:04","guid":{"rendered":"http:\/\/www.dilui.com.br\/?post_type=product&#038;p=404"},"modified":"2019-05-07T14:41:45","modified_gmt":"2019-05-07T14:41:45","slug":"alcool-em-gel-embalagem-refil","status":"publish","type":"product","link":"https:\/\/www.dilui.com.br\/?product=alcool-em-gel-embalagem-refil","title":{"rendered":"\u00c1lcool em Gel &#8211; Embalagem Refil"},"content":{"rendered":"<p>Caracter\u00edsticas do Produto<\/p>\n<p>&#8211; Embalagem de 800ml (700gr) para ser utilizado como refil em saboneteiras de parede<br \/>\n&#8211; Possui em sua constitui\u00e7\u00e3o 3 tipos de hidratantes<br \/>\n&#8211; Utiliza \u00e1lcool neutro, bidestilado, isento de contaminantes<br \/>\n&#8211; Produto Biodegrad\u00e1vel<br \/>\n&#8211; Produto especialmente elaborado como complemento na higieniza\u00e7\u00e3o de m\u00e3os<br \/>\n&#8211; Gel a base de \u00e1lcoois que evaporam sem deixar odores residuais, e com largo espectro de a\u00e7\u00e3o<br \/>\n&#8211; Ideal para ser usado em resid\u00eancias, escrit\u00f3rios, hospitais, restaurantes, clubes, etc.<\/p>\n","protected":false},"excerpt":{"rendered":"<p>Gel a base de \u00e1lcoois que evaporam sem deixar odores residuais, e com largo espectro de a\u00e7\u00e3o.<br \/>\nIdeal para ser usado em resid\u00eancias, escrit\u00f3rios, hospitais, restaurantes, clubes, etc.<\/p>\n","protected":false},"featured_media":268,"comment_status":"closed","ping_status":"closed","template":"","meta":{"kt_blocks_editor_width":""},"_links":{"self":[{"href":"https:\/\/www.dilui.com.br\/index.php?rest_route=\/wp\/v2\/product\/404"}],"collection":[{"href":"https:\/\/www.dilui.com.br\/index.php?rest_route=\/wp\/v2\/product"}],"about":[{"href":"https:\/\/www.dilui.com.br\/index.php?rest_route=\/wp\/v2\/types\/product"}],"replies":[{"embeddable":true,"href":"https:\/\/www.dilui.com.br\/index.php?rest_route=%2Fwp%2Fv2%2Fcomments&post=404"}],"wp:featuredmedia":[{"embeddable":true,"href":"https:\/\/www.dilui.com.br\/index.php?rest_route=\/wp\/v2\/media\/268"}],"wp:attachment":[{"href":"https:\/\/www.dilui.com.br\/index.php?rest_route=%2Fwp%2Fv2%2Fmedia&parent=404"}],"curies":[{"name":"wp","href":"https:\/\/api.w.org\/{rel}","templated":true}]}}