{"id":403,"date":"2013-08-13T01:27:26","date_gmt":"2013-08-13T01:27:26","guid":{"rendered":"http:\/\/www.dilui.com.br\/?post_type=product&#038;p=403"},"modified":"2019-05-07T14:47:25","modified_gmt":"2019-05-07T14:47:25","slug":"limpeza-de-pisos-wax-clean-36-5l","status":"publish","type":"product","link":"https:\/\/www.dilui.com.br\/?product=limpeza-de-pisos-wax-clean-36-5l","title":{"rendered":"Limpeza de Pisos &#8211; Wax Clean 36 5L"},"content":{"rendered":"<p><span style=\"font-size: 16px;\">UTILIZA\u00c7\u00c3O<\/span><\/p>\n<p>Pode ser utilizado em m\u00e1quinas ou manual, \u00e9 indicado para limpeza pesada de piso, azulejo, banheiro, cer\u00e2mico e pedra natural.<\/p>\n<p><strong>Produto Concentrado: Rende at\u00e9 150 litros<\/strong><\/p>\n","protected":false},"excerpt":{"rendered":"<p><span style=\"font-size: 16px;\">Wax Clean 36 e um detergente de m\u00e9dia alcalinidade com alto poder emulsionante, umectante,\u00a0dispersante e sequestrante. F\u00e1cil dissolu\u00e7\u00e3o, alto poder de umecta\u00e7\u00e3o e deterg\u00eancia, \u00f3timo poder de remo\u00e7\u00e3o de gorduras e facilmente removido no enx\u00e1g\u00fce. N\u00e3o causa corros\u00e3o em superf\u00edcies de pl\u00e1stico, alum\u00ednio, cobre e metais galvanizados. Remove com facilidade sujidades de natureza arenosa, dispensa adi\u00e7\u00f5es de produtos c\u00e1usticos na solu\u00e7\u00e3o. Fabricado com tensoativo biodegrad\u00e1vel.<\/span><\/p>\n","protected":false},"featured_media":267,"comment_status":"closed","ping_status":"closed","template":"","meta":{"kt_blocks_editor_width":""},"_links":{"self":[{"href":"https:\/\/www.dilui.com.br\/index.php?rest_route=\/wp\/v2\/product\/403"}],"collection":[{"href":"https:\/\/www.dilui.com.br\/index.php?rest_route=\/wp\/v2\/product"}],"about":[{"href":"https:\/\/www.dilui.com.br\/index.php?rest_route=\/wp\/v2\/types\/product"}],"replies":[{"embeddable":true,"href":"https:\/\/www.dilui.com.br\/index.php?rest_route=%2Fwp%2Fv2%2Fcomments&post=403"}],"wp:featuredmedia":[{"embeddable":true,"href":"https:\/\/www.dilui.com.br\/index.php?rest_route=\/wp\/v2\/media\/267"}],"wp:attachment":[{"href":"https:\/\/www.dilui.com.br\/index.php?rest_route=%2Fwp%2Fv2%2Fmedia&parent=403"}],"curies":[{"name":"wp","href":"https:\/\/api.w.org\/{rel}","templated":true}]}}