{"id":402,"date":"2013-08-13T01:20:35","date_gmt":"2013-08-13T01:20:35","guid":{"rendered":"http:\/\/www.dilui.com.br\/?post_type=product&#038;p=402"},"modified":"2019-05-07T14:42:46","modified_gmt":"2019-05-07T14:42:46","slug":"removedor-de-cera-wax-remoflex-5l","status":"publish","type":"product","link":"https:\/\/www.dilui.com.br\/?product=removedor-de-cera-wax-remoflex-5l","title":{"rendered":"Removedor de Cera &#8211; Wax Remoflex 5L"},"content":{"rendered":"<p>PROPRIEDADES<br \/>\nWax Remoflex Gold n\u00e3o \u00e9 inflam\u00e1vel, pois e a base de \u00e1gua. N\u00e3o cont\u00e9m amon\u00edaco. \u00c9 um detergente de m\u00e9dia alcalinidade com alto poder emulsionante, umectante, dispersante e sequestrante. F\u00e1cil dissolu\u00e7\u00e3o, alto poder de umecta\u00e7\u00e3o e deterg\u00eancia, \u00f3timo poder de remo\u00e7\u00e3o de cera e base seladora. Pode ser utilizada para remo\u00e7\u00e3o de tinta, graxa e marca de pneu. Produzido com tensoativo biodegrad\u00e1vel.<\/p>\n<p>UTILIZA\u00c7\u00c3O<br \/>\n\u00c9 indicada para remover com efici\u00eancia ceras antigas, base impermeabilizante, marca de pneu em piso, e sujidades oleosas.<\/p>\n<p><strong>Produto Concentrado: Rende at\u00e9 100 litros<\/strong><\/p>\n","protected":false},"excerpt":{"rendered":"<p>\u00c9 um detergente de m\u00e9dia alcalinidade com alto poder emulsionante, umectante, dispersante e sequestrante.<br \/>\nIndicado para remover com efici\u00eancia ceras antigas, base impermeabilizante, marca de pneu em piso, e sujidades oleosas.<\/p>\n","protected":false},"featured_media":266,"comment_status":"closed","ping_status":"closed","template":"","meta":{"kt_blocks_editor_width":""},"_links":{"self":[{"href":"https:\/\/www.dilui.com.br\/index.php?rest_route=\/wp\/v2\/product\/402"}],"collection":[{"href":"https:\/\/www.dilui.com.br\/index.php?rest_route=\/wp\/v2\/product"}],"about":[{"href":"https:\/\/www.dilui.com.br\/index.php?rest_route=\/wp\/v2\/types\/product"}],"replies":[{"embeddable":true,"href":"https:\/\/www.dilui.com.br\/index.php?rest_route=%2Fwp%2Fv2%2Fcomments&post=402"}],"wp:featuredmedia":[{"embeddable":true,"href":"https:\/\/www.dilui.com.br\/index.php?rest_route=\/wp\/v2\/media\/266"}],"wp:attachment":[{"href":"https:\/\/www.dilui.com.br\/index.php?rest_route=%2Fwp%2Fv2%2Fmedia&parent=402"}],"curies":[{"name":"wp","href":"https:\/\/api.w.org\/{rel}","templated":true}]}}