{"id":401,"date":"2013-08-13T01:16:40","date_gmt":"2013-08-13T01:16:40","guid":{"rendered":"http:\/\/www.dilui.com.br\/?post_type=product&#038;p=401"},"modified":"2019-05-07T14:42:53","modified_gmt":"2019-05-07T14:42:53","slug":"cera-alto-brilho-wax-ceraflex-gold","status":"publish","type":"product","link":"https:\/\/www.dilui.com.br\/?product=cera-alto-brilho-wax-ceraflex-gold","title":{"rendered":"Cera Alto Brilho &#8211; Wax Ceraflex Gold 5L"},"content":{"rendered":"<p>PROPRIEDADES<br \/>\n&#8211; Baixo custo e alto rendimento: 60 a 80 m2 por litro por de m\u00e3o, quando utilizada corretamente.<br \/>\n&#8211; Promove a restaura\u00e7\u00e3o de pisos lav\u00e1veis com equipamentos HS e UHS;<br \/>\n&#8211; Tem grande resist\u00eancia ao tr\u00e1fego,<br \/>\n&#8211; \u00c9 resistente ao escorregamento mesmo ap\u00f3s a restaura\u00e7\u00e3o com enceradeira high speed.<br \/>\nUTILIZA\u00c7\u00c3O<br \/>\n\u00c9 indicado como cera impermeabilizante acr\u00edlica.<\/p>\n","protected":false},"excerpt":{"rendered":"<p>Cera impermeabilizante acr\u00edlica de\u00a0baixo custo e alto rendimento: 60 a 80 m2 por litro por de m\u00e3o, quando utilizada corretamente.<\/p>\n","protected":false},"featured_media":265,"comment_status":"closed","ping_status":"closed","template":"","meta":{"kt_blocks_editor_width":""},"_links":{"self":[{"href":"https:\/\/www.dilui.com.br\/index.php?rest_route=\/wp\/v2\/product\/401"}],"collection":[{"href":"https:\/\/www.dilui.com.br\/index.php?rest_route=\/wp\/v2\/product"}],"about":[{"href":"https:\/\/www.dilui.com.br\/index.php?rest_route=\/wp\/v2\/types\/product"}],"replies":[{"embeddable":true,"href":"https:\/\/www.dilui.com.br\/index.php?rest_route=%2Fwp%2Fv2%2Fcomments&post=401"}],"wp:featuredmedia":[{"embeddable":true,"href":"https:\/\/www.dilui.com.br\/index.php?rest_route=\/wp\/v2\/media\/265"}],"wp:attachment":[{"href":"https:\/\/www.dilui.com.br\/index.php?rest_route=%2Fwp%2Fv2%2Fmedia&parent=401"}],"curies":[{"name":"wp","href":"https:\/\/api.w.org\/{rel}","templated":true}]}}