{"id":398,"date":"2013-08-12T21:10:04","date_gmt":"2013-08-12T21:10:04","guid":{"rendered":"http:\/\/www.dilui.com.br\/?post_type=product&#038;p=398"},"modified":"2021-09-14T10:37:34","modified_gmt":"2021-09-14T10:37:34","slug":"odorizante-flash-clear-gv1","status":"publish","type":"product","link":"https:\/\/www.dilui.com.br\/?product=odorizante-flash-clear-gv1","title":{"rendered":"Odorizante &#8211; Flash Clear GV1"},"content":{"rendered":"<p><span style=\"font-size: 16px;\">UTILIZA\u00c7\u00c3O<\/span><\/p>\n<p>\u00c9 indicado para eliminar o cheiro de tabaco e como odorizador de ambiente.<\/p>\n","protected":false},"excerpt":{"rendered":"<p><span style=\"font-size: 16px;\">Flash Clear GV1 e um odorizante de ambiente especialmente formulado para eliminar o odor de tabaco deixando no ar uma agrad\u00e1vel fragr\u00e2ncia. Proporciona economia com baixa concentra\u00e7\u00e3o de uso: 1 litro faz ate 20 litros de solu\u00e7\u00e3o cuja fun\u00e7\u00e3o espec\u00edfica \u00e9 contribuir para um planeta mais limpo e sustent\u00e1vel, reduzindo o uso de embalagem, transporte e \u00e1gua. Produto biodegrad\u00e1vel.<\/span><\/p>\n","protected":false},"featured_media":262,"comment_status":"closed","ping_status":"closed","template":"","meta":{"kt_blocks_editor_width":""},"_links":{"self":[{"href":"https:\/\/www.dilui.com.br\/index.php?rest_route=\/wp\/v2\/product\/398"}],"collection":[{"href":"https:\/\/www.dilui.com.br\/index.php?rest_route=\/wp\/v2\/product"}],"about":[{"href":"https:\/\/www.dilui.com.br\/index.php?rest_route=\/wp\/v2\/types\/product"}],"replies":[{"embeddable":true,"href":"https:\/\/www.dilui.com.br\/index.php?rest_route=%2Fwp%2Fv2%2Fcomments&post=398"}],"wp:featuredmedia":[{"embeddable":true,"href":"https:\/\/www.dilui.com.br\/index.php?rest_route=\/wp\/v2\/media\/262"}],"wp:attachment":[{"href":"https:\/\/www.dilui.com.br\/index.php?rest_route=%2Fwp%2Fv2%2Fmedia&parent=398"}],"curies":[{"name":"wp","href":"https:\/\/api.w.org\/{rel}","templated":true}]}}