{"id":388,"date":"2013-08-12T19:53:51","date_gmt":"2013-08-12T19:53:51","guid":{"rendered":"http:\/\/www.dilui.com.br\/?post_type=product&#038;p=388"},"modified":"2019-05-07T14:51:01","modified_gmt":"2019-05-07T14:51:01","slug":"limpador-multiuso-flash-clear-gv2","status":"publish","type":"product","link":"https:\/\/www.dilui.com.br\/?product=limpador-multiuso-flash-clear-gv2","title":{"rendered":"Limpador Multiuso &#8211; Flash Clear GV2"},"content":{"rendered":"<p><span style=\"font-size: 16px;\">UTILIZA\u00c7\u00c3O<\/span><\/p>\n<p>Utilizar na limpeza di\u00e1ria de acr\u00edlico, azulejo, espelho, f\u00f3rmica, vidro, telefone e outras superf\u00edcies de pl\u00e1stico ou metal.<\/p>\n<p><strong>Produto Concentrado: Rende at\u00e9 100 litros<\/strong><\/p>\n","protected":false},"excerpt":{"rendered":"<p><span style=\"font-size: 16px;\">Sua f\u00f3rmula concentrada proporciona melhor custo em uso. Facilita a remo\u00e7\u00e3o da superf\u00edcie\u00a0atrav\u00e9s de tensoativo e solventes que penetra rapidamente nas sujidades.<\/span><br \/>\nPossui componentes seguros para uso manual.<\/p>\n","protected":false},"featured_media":252,"comment_status":"closed","ping_status":"closed","template":"","meta":{"kt_blocks_editor_width":""},"_links":{"self":[{"href":"https:\/\/www.dilui.com.br\/index.php?rest_route=\/wp\/v2\/product\/388"}],"collection":[{"href":"https:\/\/www.dilui.com.br\/index.php?rest_route=\/wp\/v2\/product"}],"about":[{"href":"https:\/\/www.dilui.com.br\/index.php?rest_route=\/wp\/v2\/types\/product"}],"replies":[{"embeddable":true,"href":"https:\/\/www.dilui.com.br\/index.php?rest_route=%2Fwp%2Fv2%2Fcomments&post=388"}],"wp:featuredmedia":[{"embeddable":true,"href":"https:\/\/www.dilui.com.br\/index.php?rest_route=\/wp\/v2\/media\/252"}],"wp:attachment":[{"href":"https:\/\/www.dilui.com.br\/index.php?rest_route=%2Fwp%2Fv2%2Fmedia&parent=388"}],"curies":[{"name":"wp","href":"https:\/\/api.w.org\/{rel}","templated":true}]}}