{"id":386,"date":"2013-08-12T19:41:05","date_gmt":"2013-08-12T19:41:05","guid":{"rendered":"http:\/\/www.dilui.com.br\/?post_type=product&#038;p=386"},"modified":"2019-05-07T14:51:19","modified_gmt":"2019-05-07T14:51:19","slug":"desinfetante-mega-sept-250","status":"publish","type":"product","link":"https:\/\/www.dilui.com.br\/?product=desinfetante-mega-sept-250","title":{"rendered":"Desinfetante &#8211; Mega Sept 250"},"content":{"rendered":"<p><span style=\"font-size: 16px;\">UTILIZA\u00c7\u00c3O<\/span><\/p>\n<p>O Desinfetante Mega Sept 250 limpa e desinfeta pisos, paredes, pias, banheiros e ralos, deixando um agrad\u00e1vel aroma.<\/p>\n<p><strong>Produto Concentrado: Rende at\u00e9 400 litros<\/strong><\/p>\n","protected":false},"excerpt":{"rendered":"<p><span style=\"font-size: 16px;\">Possui a\u00e7\u00e3o biocida contra Staphylococcus aureus e Salmonella choleraesuis e Escherichia coli, testada em laborat\u00f3rio. Proporciona economia com baixa concentra\u00e7\u00e3o de uso. Produto biodegrad\u00e1vel.<\/span><\/p>\n","protected":false},"featured_media":250,"comment_status":"closed","ping_status":"closed","template":"","meta":{"kt_blocks_editor_width":""},"_links":{"self":[{"href":"https:\/\/www.dilui.com.br\/index.php?rest_route=\/wp\/v2\/product\/386"}],"collection":[{"href":"https:\/\/www.dilui.com.br\/index.php?rest_route=\/wp\/v2\/product"}],"about":[{"href":"https:\/\/www.dilui.com.br\/index.php?rest_route=\/wp\/v2\/types\/product"}],"replies":[{"embeddable":true,"href":"https:\/\/www.dilui.com.br\/index.php?rest_route=%2Fwp%2Fv2%2Fcomments&post=386"}],"wp:featuredmedia":[{"embeddable":true,"href":"https:\/\/www.dilui.com.br\/index.php?rest_route=\/wp\/v2\/media\/250"}],"wp:attachment":[{"href":"https:\/\/www.dilui.com.br\/index.php?rest_route=%2Fwp%2Fv2%2Fmedia&parent=386"}],"curies":[{"name":"wp","href":"https:\/\/api.w.org\/{rel}","templated":true}]}}