{"id":381,"date":"2013-08-12T19:08:52","date_gmt":"2013-08-12T19:08:52","guid":{"rendered":"http:\/\/www.dilui.com.br\/?post_type=product&#038;p=381"},"modified":"2019-05-07T14:51:54","modified_gmt":"2019-05-07T14:51:54","slug":"oleo-abrilhantador-inox-b-367","status":"publish","type":"product","link":"https:\/\/www.dilui.com.br\/?product=oleo-abrilhantador-inox-b-367","title":{"rendered":"\u00d3leo Abrilhantador Inox B-367"},"content":{"rendered":"<p>PROPRIEDADES<br \/>\nOferece \u00f3tima prote\u00e7\u00e3o contra manchas causadas pelo contato manual em superf\u00edcies<br \/>\nmet\u00e1licas. Formulado com \u00f3leo mineral de grau aliment\u00edcio, seguro para \u00e1reas de manipula\u00e7\u00e3o<br \/>\nde alimentos. Apenas algumas gotas s\u00e3o suficientes para dar brilho.<\/p>\n","protected":false},"excerpt":{"rendered":"<p>\u00c9 indicado para proteger, abrilhantar e facilitar a limpeza de superf\u00edcies de a\u00e7o inox, evitando manchas indesej\u00e1veis. Apropriado para uso em Latic\u00ednios, Cozinhas Industriais, Frigor\u00edficos e Ind\u00fastrias de Alimentos e Bebidas em geral.<\/p>\n","protected":false},"featured_media":245,"comment_status":"closed","ping_status":"closed","template":"","meta":{"kt_blocks_editor_width":""},"_links":{"self":[{"href":"https:\/\/www.dilui.com.br\/index.php?rest_route=\/wp\/v2\/product\/381"}],"collection":[{"href":"https:\/\/www.dilui.com.br\/index.php?rest_route=\/wp\/v2\/product"}],"about":[{"href":"https:\/\/www.dilui.com.br\/index.php?rest_route=\/wp\/v2\/types\/product"}],"replies":[{"embeddable":true,"href":"https:\/\/www.dilui.com.br\/index.php?rest_route=%2Fwp%2Fv2%2Fcomments&post=381"}],"wp:featuredmedia":[{"embeddable":true,"href":"https:\/\/www.dilui.com.br\/index.php?rest_route=\/wp\/v2\/media\/245"}],"wp:attachment":[{"href":"https:\/\/www.dilui.com.br\/index.php?rest_route=%2Fwp%2Fv2%2Fmedia&parent=381"}],"curies":[{"name":"wp","href":"https:\/\/api.w.org\/{rel}","templated":true}]}}