{"id":379,"date":"2013-08-12T18:43:21","date_gmt":"2013-08-12T18:43:21","guid":{"rendered":"http:\/\/www.dilui.com.br\/?post_type=product&#038;p=379"},"modified":"2019-05-07T14:52:02","modified_gmt":"2019-05-07T14:52:02","slug":"shampoo-automotivo-b-797","status":"publish","type":"product","link":"https:\/\/www.dilui.com.br\/?product=shampoo-automotivo-b-797","title":{"rendered":"Shampoo Automotivo B-797"},"content":{"rendered":"<p><span style=\"font-size: 16px;\">UTILIZA\u00c7\u00c3O<\/span><\/p>\n<p>\u00c9 indicado para a lavagem de ve\u00edculos e m\u00e1quinas atrav\u00e9s de aplica\u00e7\u00e3o manual ou autom\u00e1tica.<\/p>\n","protected":false},"excerpt":{"rendered":"<p>PROPRIEDADES<br \/>\nReduz a tens\u00e3o superficial da solu\u00e7\u00e3o limpadora, facilitando a remo\u00e7\u00e3o de graxas e sujidades\u00a0arenosas.<br \/>\nComposto por subst\u00e2ncias tensoativas de alto poder emulsionante, umectante dispersante e sequestrante.<\/p>\n<p><strong>Produto Concentrado: Rende at\u00e9 200 Litros<\/strong><\/p>\n","protected":false},"featured_media":243,"comment_status":"closed","ping_status":"closed","template":"","meta":{"kt_blocks_editor_width":""},"_links":{"self":[{"href":"https:\/\/www.dilui.com.br\/index.php?rest_route=\/wp\/v2\/product\/379"}],"collection":[{"href":"https:\/\/www.dilui.com.br\/index.php?rest_route=\/wp\/v2\/product"}],"about":[{"href":"https:\/\/www.dilui.com.br\/index.php?rest_route=\/wp\/v2\/types\/product"}],"replies":[{"embeddable":true,"href":"https:\/\/www.dilui.com.br\/index.php?rest_route=%2Fwp%2Fv2%2Fcomments&post=379"}],"wp:featuredmedia":[{"embeddable":true,"href":"https:\/\/www.dilui.com.br\/index.php?rest_route=\/wp\/v2\/media\/243"}],"wp:attachment":[{"href":"https:\/\/www.dilui.com.br\/index.php?rest_route=%2Fwp%2Fv2%2Fmedia&parent=379"}],"curies":[{"name":"wp","href":"https:\/\/api.w.org\/{rel}","templated":true}]}}