{"id":378,"date":"2013-08-12T18:39:14","date_gmt":"2013-08-12T18:39:14","guid":{"rendered":"http:\/\/www.dilui.com.br\/?post_type=product&#038;p=378"},"modified":"2019-05-07T14:52:09","modified_gmt":"2019-05-07T14:52:09","slug":"desengraxante-multiuso-b-838","status":"publish","type":"product","link":"https:\/\/www.dilui.com.br\/?product=desengraxante-multiuso-b-838","title":{"rendered":"Desengraxante Multiuso B-838"},"content":{"rendered":"<p>PROPRIEDADES<br \/>\nPossui componentes seguros para remo\u00e7\u00e3o de graxas e \u00f3leos em superf\u00edcies de pl\u00e1stico e metais.<br \/>\nSua f\u00f3rmula concentrada penetra rapidamente nas sujidades, facilitando a remo\u00e7\u00e3o.<\/p>\n<p>&nbsp;<\/p>\n","protected":false},"excerpt":{"rendered":"<p>\u00c9 indicado para limpar pisos, paredes, equipamentos, motores, caixas pl\u00e1sticas em \u00e1reas mec\u00e2nicas e ind\u00fastrias\u00a0em geral.<\/p>\n<p><strong>Produto Concentrado: Rende at\u00e9 30 litros<\/strong><\/p>\n","protected":false},"featured_media":242,"comment_status":"closed","ping_status":"closed","template":"","meta":{"kt_blocks_editor_width":""},"_links":{"self":[{"href":"https:\/\/www.dilui.com.br\/index.php?rest_route=\/wp\/v2\/product\/378"}],"collection":[{"href":"https:\/\/www.dilui.com.br\/index.php?rest_route=\/wp\/v2\/product"}],"about":[{"href":"https:\/\/www.dilui.com.br\/index.php?rest_route=\/wp\/v2\/types\/product"}],"replies":[{"embeddable":true,"href":"https:\/\/www.dilui.com.br\/index.php?rest_route=%2Fwp%2Fv2%2Fcomments&post=378"}],"wp:featuredmedia":[{"embeddable":true,"href":"https:\/\/www.dilui.com.br\/index.php?rest_route=\/wp\/v2\/media\/242"}],"wp:attachment":[{"href":"https:\/\/www.dilui.com.br\/index.php?rest_route=%2Fwp%2Fv2%2Fmedia&parent=378"}],"curies":[{"name":"wp","href":"https:\/\/api.w.org\/{rel}","templated":true}]}}