{"id":377,"date":"2013-08-12T18:28:57","date_gmt":"2013-08-12T18:28:57","guid":{"rendered":"http:\/\/www.dilui.com.br\/?post_type=product&#038;p=377"},"modified":"2019-05-07T14:52:18","modified_gmt":"2019-05-07T14:52:18","slug":"tela-mictorio-varias-cores","status":"publish","type":"product","link":"https:\/\/www.dilui.com.br\/?product=tela-mictorio-varias-cores","title":{"rendered":"Tela Mict\u00f3rio V\u00e1rias Cores"},"content":{"rendered":"<p>Confeccionadas em PVC injetado, seu formato permite perfeito encaixe na base do mict\u00f3rio e seu sistema de furos com anti respingo evita a deposi\u00e7\u00e3o de detritos no encanamento evitando entupimentos indesej\u00e1veis.<\/p>\n<p>ESPECIFICA\u00c7\u00d5ES:<br \/>\n&#8211; Tela para Mict\u00f3rio super dur\u00e1vel;<br \/>\n&#8211; Serve em qualquer tipo de mict\u00f3rio<br \/>\n&#8211; Higi\u00eanico pois acompanha luva descart\u00e1vel para manuseio;<br \/>\n&#8211; Diversas Cores;<br \/>\n&#8211; Suave fragr\u00e2ncia neutralizando maus odores.<\/p>\n","protected":false},"excerpt":{"rendered":"<p>Tela para Mict\u00f3rio super dur\u00e1vel\u00a0confeccionadas em PVC injetado, seu formato permite perfeito encaixe na base do mict\u00f3rio e seu sistema de furos com anti respingo evita a deposi\u00e7\u00e3o de detritos no encanamento evitando entupimentos indesej\u00e1veis.<\/p>\n","protected":false},"featured_media":241,"comment_status":"closed","ping_status":"closed","template":"","meta":{"kt_blocks_editor_width":""},"_links":{"self":[{"href":"https:\/\/www.dilui.com.br\/index.php?rest_route=\/wp\/v2\/product\/377"}],"collection":[{"href":"https:\/\/www.dilui.com.br\/index.php?rest_route=\/wp\/v2\/product"}],"about":[{"href":"https:\/\/www.dilui.com.br\/index.php?rest_route=\/wp\/v2\/types\/product"}],"replies":[{"embeddable":true,"href":"https:\/\/www.dilui.com.br\/index.php?rest_route=%2Fwp%2Fv2%2Fcomments&post=377"}],"wp:featuredmedia":[{"embeddable":true,"href":"https:\/\/www.dilui.com.br\/index.php?rest_route=\/wp\/v2\/media\/241"}],"wp:attachment":[{"href":"https:\/\/www.dilui.com.br\/index.php?rest_route=%2Fwp%2Fv2%2Fmedia&parent=377"}],"curies":[{"name":"wp","href":"https:\/\/api.w.org\/{rel}","templated":true}]}}