{"id":372,"date":"2013-08-12T18:00:32","date_gmt":"2013-08-12T18:00:32","guid":{"rendered":"http:\/\/www.dilui.com.br\/?post_type=product&#038;p=372"},"modified":"2019-05-07T14:52:54","modified_gmt":"2019-05-07T14:52:54","slug":"suporte-plastico-p-copos-cafe","status":"publish","type":"product","link":"https:\/\/www.dilui.com.br\/?product=suporte-plastico-p-copos-cafe","title":{"rendered":"Suporte Pl\u00e1stico p\/ Copos Caf\u00e9"},"content":{"rendered":"<p>Capacidade para 100 copos descart\u00e1veis de 50ml<\/p>\n<p>&nbsp;<\/p>\n","protected":false},"excerpt":{"rendered":"<p>Porta copos com sistema de fixa\u00e7\u00e3o atrav\u00e9s de buchas expans\u00edveis, fornecidas com o aparelho.<\/p>\n","protected":false},"featured_media":234,"comment_status":"closed","ping_status":"closed","template":"","meta":{"kt_blocks_editor_width":""},"_links":{"self":[{"href":"https:\/\/www.dilui.com.br\/index.php?rest_route=\/wp\/v2\/product\/372"}],"collection":[{"href":"https:\/\/www.dilui.com.br\/index.php?rest_route=\/wp\/v2\/product"}],"about":[{"href":"https:\/\/www.dilui.com.br\/index.php?rest_route=\/wp\/v2\/types\/product"}],"replies":[{"embeddable":true,"href":"https:\/\/www.dilui.com.br\/index.php?rest_route=%2Fwp%2Fv2%2Fcomments&post=372"}],"wp:featuredmedia":[{"embeddable":true,"href":"https:\/\/www.dilui.com.br\/index.php?rest_route=\/wp\/v2\/media\/234"}],"wp:attachment":[{"href":"https:\/\/www.dilui.com.br\/index.php?rest_route=%2Fwp%2Fv2%2Fmedia&parent=372"}],"curies":[{"name":"wp","href":"https:\/\/api.w.org\/{rel}","templated":true}]}}