{"id":371,"date":"2013-08-12T17:57:42","date_gmt":"2013-08-12T17:57:42","guid":{"rendered":"http:\/\/www.dilui.com.br\/?post_type=product&#038;p=371"},"modified":"2019-05-07T14:53:01","modified_gmt":"2019-05-07T14:53:01","slug":"suporte-plastico-p-copos-agua","status":"publish","type":"product","link":"https:\/\/www.dilui.com.br\/?product=suporte-plastico-p-copos-agua","title":{"rendered":"Suporte Pl\u00e1stico p\/ Copos \u00c1gua"},"content":{"rendered":"<p>Capacidade para 100 copos descart\u00e1veis.<\/p>\n","protected":false},"excerpt":{"rendered":"<p>Porta copos com sistema de fixa\u00e7\u00e3o atrav\u00e9s de buchas expans\u00edveis, fornecidas com o aparelho.<\/p>\n","protected":false},"featured_media":236,"comment_status":"closed","ping_status":"closed","template":"","meta":{"kt_blocks_editor_width":""},"_links":{"self":[{"href":"https:\/\/www.dilui.com.br\/index.php?rest_route=\/wp\/v2\/product\/371"}],"collection":[{"href":"https:\/\/www.dilui.com.br\/index.php?rest_route=\/wp\/v2\/product"}],"about":[{"href":"https:\/\/www.dilui.com.br\/index.php?rest_route=\/wp\/v2\/types\/product"}],"replies":[{"embeddable":true,"href":"https:\/\/www.dilui.com.br\/index.php?rest_route=%2Fwp%2Fv2%2Fcomments&post=371"}],"wp:featuredmedia":[{"embeddable":true,"href":"https:\/\/www.dilui.com.br\/index.php?rest_route=\/wp\/v2\/media\/236"}],"wp:attachment":[{"href":"https:\/\/www.dilui.com.br\/index.php?rest_route=%2Fwp%2Fv2%2Fmedia&parent=371"}],"curies":[{"name":"wp","href":"https:\/\/api.w.org\/{rel}","templated":true}]}}