{"id":369,"date":"2013-08-12T17:44:03","date_gmt":"2013-08-12T17:44:03","guid":{"rendered":"http:\/\/www.dilui.com.br\/?post_type=product&#038;p=369"},"modified":"2019-05-07T14:53:17","modified_gmt":"2019-05-07T14:53:17","slug":"suporte-p-copos-cafe-50ml","status":"publish","type":"product","link":"https:\/\/www.dilui.com.br\/?product=suporte-p-copos-cafe-50ml","title":{"rendered":"Suporte p\/ Copos Caf\u00e9 50ML"},"content":{"rendered":"<p><span style=\"font-size: 16px;\">Capacidade para 100 copos descart\u00e1veis de 50ml<\/span><\/p>\n<p>Sistema de fixa\u00e7\u00e3o atrav\u00e9s de buchas expans\u00edveis, fornecidas com o aparelho.<\/p>\n","protected":false},"excerpt":{"rendered":"<p>Porta Copos altamente resistente constru\u00eddo em A\u00e7o Inoxid\u00e1vel<\/p>\n","protected":false},"featured_media":233,"comment_status":"closed","ping_status":"closed","template":"","meta":{"kt_blocks_editor_width":""},"_links":{"self":[{"href":"https:\/\/www.dilui.com.br\/index.php?rest_route=\/wp\/v2\/product\/369"}],"collection":[{"href":"https:\/\/www.dilui.com.br\/index.php?rest_route=\/wp\/v2\/product"}],"about":[{"href":"https:\/\/www.dilui.com.br\/index.php?rest_route=\/wp\/v2\/types\/product"}],"replies":[{"embeddable":true,"href":"https:\/\/www.dilui.com.br\/index.php?rest_route=%2Fwp%2Fv2%2Fcomments&post=369"}],"wp:featuredmedia":[{"embeddable":true,"href":"https:\/\/www.dilui.com.br\/index.php?rest_route=\/wp\/v2\/media\/233"}],"wp:attachment":[{"href":"https:\/\/www.dilui.com.br\/index.php?rest_route=%2Fwp%2Fv2%2Fmedia&parent=369"}],"curies":[{"name":"wp","href":"https:\/\/api.w.org\/{rel}","templated":true}]}}