{"id":367,"date":"2013-08-12T17:32:33","date_gmt":"2013-08-12T17:32:33","guid":{"rendered":"http:\/\/www.dilui.com.br\/?post_type=product&#038;p=367"},"modified":"2019-05-07T14:53:41","modified_gmt":"2019-05-07T14:53:41","slug":"lixeira-plastica-basculante-30l","status":"publish","type":"product","link":"https:\/\/www.dilui.com.br\/?product=lixeira-plastica-basculante-30l","title":{"rendered":"Lixeira Pl\u00e1stica Basculante 30L"},"content":{"rendered":"<p><span style=\"font-size: 16px;\">A funcionalidade e praticidade de uso s\u00e3o fundamentais no desenvolvimento dos produtos.<\/span><br \/>\nPreocupando-se com a qualidade dos produtos que voc\u00ea ir\u00e1 levar pra casa, s\u00e3o utilizadas resinas at\u00f3xicas na fabrica\u00e7\u00e3o de todas as linhas.<\/p>\n<p>Qualidade e inova\u00e7\u00e3o para o seu lar.<\/p>\n","protected":false},"excerpt":{"rendered":"<p>Lixeira basculante com capacidade para 30 litros.<br \/>\nProdutos desenvolvido pensando no bem-estar do consumidor, design marcante levando inova\u00e7\u00e3o e beleza para o seu dia-a-dia.<\/p>\n","protected":false},"featured_media":227,"comment_status":"closed","ping_status":"closed","template":"","meta":{"kt_blocks_editor_width":""},"_links":{"self":[{"href":"https:\/\/www.dilui.com.br\/index.php?rest_route=\/wp\/v2\/product\/367"}],"collection":[{"href":"https:\/\/www.dilui.com.br\/index.php?rest_route=\/wp\/v2\/product"}],"about":[{"href":"https:\/\/www.dilui.com.br\/index.php?rest_route=\/wp\/v2\/types\/product"}],"replies":[{"embeddable":true,"href":"https:\/\/www.dilui.com.br\/index.php?rest_route=%2Fwp%2Fv2%2Fcomments&post=367"}],"wp:featuredmedia":[{"embeddable":true,"href":"https:\/\/www.dilui.com.br\/index.php?rest_route=\/wp\/v2\/media\/227"}],"wp:attachment":[{"href":"https:\/\/www.dilui.com.br\/index.php?rest_route=%2Fwp%2Fv2%2Fmedia&parent=367"}],"curies":[{"name":"wp","href":"https:\/\/api.w.org\/{rel}","templated":true}]}}