{"id":365,"date":"2013-08-12T17:25:02","date_gmt":"2013-08-12T17:25:02","guid":{"rendered":"http:\/\/www.dilui.com.br\/?post_type=product&#038;p=365"},"modified":"2019-05-07T14:54:07","modified_gmt":"2019-05-07T14:54:07","slug":"lixeira-plastica-c-tampa-50lts","status":"publish","type":"product","link":"https:\/\/www.dilui.com.br\/?product=lixeira-plastica-c-tampa-50lts","title":{"rendered":"Lixeira Pl\u00e1stica c\/ Tampa 50LTS"},"content":{"rendered":"<p>Resistente a intemp\u00e9ries, repetidas lavagens e as mais rigorosas normas da vigil\u00e2ncia sanit\u00e1ria, oferecendo a seus compradores a garantia de que \u00e9 o melhor produto do mercado.<\/p>\n","protected":false},"excerpt":{"rendered":"<p>O cesto de lixo de 50 litros com tampa \u00e9 resistente ao alto impacto, raios ultra violetas (UV).<\/p>\n","protected":false},"featured_media":224,"comment_status":"closed","ping_status":"closed","template":"","meta":{"kt_blocks_editor_width":""},"_links":{"self":[{"href":"https:\/\/www.dilui.com.br\/index.php?rest_route=\/wp\/v2\/product\/365"}],"collection":[{"href":"https:\/\/www.dilui.com.br\/index.php?rest_route=\/wp\/v2\/product"}],"about":[{"href":"https:\/\/www.dilui.com.br\/index.php?rest_route=\/wp\/v2\/types\/product"}],"replies":[{"embeddable":true,"href":"https:\/\/www.dilui.com.br\/index.php?rest_route=%2Fwp%2Fv2%2Fcomments&post=365"}],"wp:featuredmedia":[{"embeddable":true,"href":"https:\/\/www.dilui.com.br\/index.php?rest_route=\/wp\/v2\/media\/224"}],"wp:attachment":[{"href":"https:\/\/www.dilui.com.br\/index.php?rest_route=%2Fwp%2Fv2%2Fmedia&parent=365"}],"curies":[{"name":"wp","href":"https:\/\/api.w.org\/{rel}","templated":true}]}}