{"id":361,"date":"2013-08-12T14:56:30","date_gmt":"2013-08-12T14:56:30","guid":{"rendered":"http:\/\/www.dilui.com.br\/?post_type=product&#038;p=361"},"modified":"2019-05-07T14:55:26","modified_gmt":"2019-05-07T14:55:26","slug":"balde-plastico-c-alca-20lts","status":"publish","type":"product","link":"https:\/\/www.dilui.com.br\/?product=balde-plastico-c-alca-20lts","title":{"rendered":"Balde Pl\u00e1stico c\/ Al\u00e7a 20LTS"},"content":{"rendered":"<p>Balde Pl\u00e1stico com Al\u00e7a<br \/>\nSuporta at\u00e9 20litros<\/p>\n","protected":false},"excerpt":{"rendered":"<p>Balde Pl\u00e1stico com al\u00e7a\u00a0suporta at\u00e9 20litros.<\/p>\n","protected":false},"featured_media":219,"comment_status":"closed","ping_status":"closed","template":"","meta":{"kt_blocks_editor_width":""},"_links":{"self":[{"href":"https:\/\/www.dilui.com.br\/index.php?rest_route=\/wp\/v2\/product\/361"}],"collection":[{"href":"https:\/\/www.dilui.com.br\/index.php?rest_route=\/wp\/v2\/product"}],"about":[{"href":"https:\/\/www.dilui.com.br\/index.php?rest_route=\/wp\/v2\/types\/product"}],"replies":[{"embeddable":true,"href":"https:\/\/www.dilui.com.br\/index.php?rest_route=%2Fwp%2Fv2%2Fcomments&post=361"}],"wp:featuredmedia":[{"embeddable":true,"href":"https:\/\/www.dilui.com.br\/index.php?rest_route=\/wp\/v2\/media\/219"}],"wp:attachment":[{"href":"https:\/\/www.dilui.com.br\/index.php?rest_route=%2Fwp%2Fv2%2Fmedia&parent=361"}],"curies":[{"name":"wp","href":"https:\/\/api.w.org\/{rel}","templated":true}]}}