{"id":360,"date":"2013-08-12T14:54:58","date_gmt":"2013-08-12T14:54:58","guid":{"rendered":"http:\/\/www.dilui.com.br\/?post_type=product&#038;p=360"},"modified":"2019-05-07T14:54:32","modified_gmt":"2019-05-07T14:54:32","slug":"balde-plastico-com-alca-15lts","status":"publish","type":"product","link":"https:\/\/www.dilui.com.br\/?product=balde-plastico-com-alca-15lts","title":{"rendered":"Balde Pl\u00e1stico com Al\u00e7a 15LTS"},"content":{"rendered":"<p>Balde Pl\u00e1stico com Al\u00e7a<\/p>\n<p>Suporta at\u00e9 15litros<\/p>\n","protected":false},"excerpt":{"rendered":"<p>Balde Pl\u00e1stico com Al\u00e7a Suporta at\u00e9 15litros<\/p>\n","protected":false},"featured_media":218,"comment_status":"closed","ping_status":"closed","template":"","meta":{"kt_blocks_editor_width":""},"_links":{"self":[{"href":"https:\/\/www.dilui.com.br\/index.php?rest_route=\/wp\/v2\/product\/360"}],"collection":[{"href":"https:\/\/www.dilui.com.br\/index.php?rest_route=\/wp\/v2\/product"}],"about":[{"href":"https:\/\/www.dilui.com.br\/index.php?rest_route=\/wp\/v2\/types\/product"}],"replies":[{"embeddable":true,"href":"https:\/\/www.dilui.com.br\/index.php?rest_route=%2Fwp%2Fv2%2Fcomments&post=360"}],"wp:featuredmedia":[{"embeddable":true,"href":"https:\/\/www.dilui.com.br\/index.php?rest_route=\/wp\/v2\/media\/218"}],"wp:attachment":[{"href":"https:\/\/www.dilui.com.br\/index.php?rest_route=%2Fwp%2Fv2%2Fmedia&parent=360"}],"curies":[{"name":"wp","href":"https:\/\/api.w.org\/{rel}","templated":true}]}}