{"id":359,"date":"2013-08-12T14:49:04","date_gmt":"2013-08-12T14:49:04","guid":{"rendered":"http:\/\/www.dilui.com.br\/?post_type=product&#038;p=359"},"modified":"2019-05-07T14:54:26","modified_gmt":"2019-05-07T14:54:26","slug":"vassoura-piacava-no5","status":"publish","type":"product","link":"https:\/\/www.dilui.com.br\/?product=vassoura-piacava-no5","title":{"rendered":"Vassoura Pia\u00e7ava Sint\u00e9tica Casa e Rua"},"content":{"rendered":"<p>Vassoura Pia\u00e7ava Sint\u00e9tica Casa e Rua.<\/p>\n","protected":false},"excerpt":{"rendered":"<p>Vassoura Pia\u00e7ava Sint\u00e9tica Casa e Rua.<\/p>\n","protected":false},"featured_media":489,"comment_status":"closed","ping_status":"closed","template":"","meta":{"kt_blocks_editor_width":""},"_links":{"self":[{"href":"https:\/\/www.dilui.com.br\/index.php?rest_route=\/wp\/v2\/product\/359"}],"collection":[{"href":"https:\/\/www.dilui.com.br\/index.php?rest_route=\/wp\/v2\/product"}],"about":[{"href":"https:\/\/www.dilui.com.br\/index.php?rest_route=\/wp\/v2\/types\/product"}],"replies":[{"embeddable":true,"href":"https:\/\/www.dilui.com.br\/index.php?rest_route=%2Fwp%2Fv2%2Fcomments&post=359"}],"wp:featuredmedia":[{"embeddable":true,"href":"https:\/\/www.dilui.com.br\/index.php?rest_route=\/wp\/v2\/media\/489"}],"wp:attachment":[{"href":"https:\/\/www.dilui.com.br\/index.php?rest_route=%2Fwp%2Fv2%2Fmedia&parent=359"}],"curies":[{"name":"wp","href":"https:\/\/api.w.org\/{rel}","templated":true}]}}