{"id":356,"date":"2013-08-12T14:31:48","date_gmt":"2013-08-12T14:31:48","guid":{"rendered":"http:\/\/www.dilui.com.br\/?post_type=product&#038;p=356"},"modified":"2019-05-07T14:55:41","modified_gmt":"2019-05-07T14:55:41","slug":"rodo-de-pia-c-cabo-emborrachado","status":"publish","type":"product","link":"https:\/\/www.dilui.com.br\/?product=rodo-de-pia-c-cabo-emborrachado","title":{"rendered":"Rodo de Pia c\/ Cabo Emborrachado"},"content":{"rendered":"<p>Dimens\u00f5es: 260 x 150 x 44 mm<br \/>\n&#8211; Cabo emborrachado;<br \/>\n&#8211; Borracha antimofo;<br \/>\n&#8211; Produto ergon\u00f4mico, n\u00e3o escorrega das m\u00e3os.<\/p>\n","protected":false},"excerpt":{"rendered":"<p>Rodo de m\u00e3o ideal para enxugar pequenas superf\u00edcies lisas e \u00famidas, como janelas, box de banheiro e pias.<\/p>\n","protected":false},"featured_media":212,"comment_status":"closed","ping_status":"closed","template":"","meta":{"kt_blocks_editor_width":""},"_links":{"self":[{"href":"https:\/\/www.dilui.com.br\/index.php?rest_route=\/wp\/v2\/product\/356"}],"collection":[{"href":"https:\/\/www.dilui.com.br\/index.php?rest_route=\/wp\/v2\/product"}],"about":[{"href":"https:\/\/www.dilui.com.br\/index.php?rest_route=\/wp\/v2\/types\/product"}],"replies":[{"embeddable":true,"href":"https:\/\/www.dilui.com.br\/index.php?rest_route=%2Fwp%2Fv2%2Fcomments&post=356"}],"wp:featuredmedia":[{"embeddable":true,"href":"https:\/\/www.dilui.com.br\/index.php?rest_route=\/wp\/v2\/media\/212"}],"wp:attachment":[{"href":"https:\/\/www.dilui.com.br\/index.php?rest_route=%2Fwp%2Fv2%2Fmedia&parent=356"}],"curies":[{"name":"wp","href":"https:\/\/api.w.org\/{rel}","templated":true}]}}