{"id":355,"date":"2013-08-12T14:26:29","date_gmt":"2013-08-12T14:26:29","guid":{"rendered":"http:\/\/www.dilui.com.br\/?post_type=product&#038;p=355"},"modified":"2019-05-07T14:55:52","modified_gmt":"2019-05-07T14:55:52","slug":"rodo-peq-c-perfil-de-borracha","status":"publish","type":"product","link":"https:\/\/www.dilui.com.br\/?product=rodo-peq-c-perfil-de-borracha","title":{"rendered":"Rodo Peq. c\/ Perfil de Borracha"},"content":{"rendered":"<p>Dimens\u00f5es: 32,5 x 9,5 x 3,5 cm<br \/>\n&#8211; Alcan\u00e7a pequenos espa\u00e7os sem danificar m\u00f3veis e paredes<br \/>\n&#8211; Presilhas para fixar pano<\/p>\n","protected":false},"excerpt":{"rendered":"<p>Rodo com perfil de borracha dupla \u00e9 pr\u00e1tico e puxa mais \u00e1gua.<\/p>\n","protected":false},"featured_media":211,"comment_status":"closed","ping_status":"closed","template":"","meta":{"kt_blocks_editor_width":""},"_links":{"self":[{"href":"https:\/\/www.dilui.com.br\/index.php?rest_route=\/wp\/v2\/product\/355"}],"collection":[{"href":"https:\/\/www.dilui.com.br\/index.php?rest_route=\/wp\/v2\/product"}],"about":[{"href":"https:\/\/www.dilui.com.br\/index.php?rest_route=\/wp\/v2\/types\/product"}],"replies":[{"embeddable":true,"href":"https:\/\/www.dilui.com.br\/index.php?rest_route=%2Fwp%2Fv2%2Fcomments&post=355"}],"wp:featuredmedia":[{"embeddable":true,"href":"https:\/\/www.dilui.com.br\/index.php?rest_route=\/wp\/v2\/media\/211"}],"wp:attachment":[{"href":"https:\/\/www.dilui.com.br\/index.php?rest_route=%2Fwp%2Fv2%2Fmedia&parent=355"}],"curies":[{"name":"wp","href":"https:\/\/api.w.org\/{rel}","templated":true}]}}