{"id":353,"date":"2013-08-12T14:19:29","date_gmt":"2013-08-12T14:19:29","guid":{"rendered":"http:\/\/www.dilui.com.br\/?post_type=product&#038;p=353"},"modified":"2019-05-07T14:56:05","modified_gmt":"2019-05-07T14:56:05","slug":"pa-plastica-p-limpeza-geral","status":"publish","type":"product","link":"https:\/\/www.dilui.com.br\/?product=pa-plastica-p-limpeza-geral","title":{"rendered":"P\u00e1 Pl\u00e1stica p\/ Limpeza Geral"},"content":{"rendered":"<p>Dimens\u00f5es: 29,2cm x 22,1cm x 6,4cm<br \/>\n&#8211; Ideal para limpezas r\u00e1pidas;<br \/>\n&#8211; Produto leve, que encaixa nos cabos da linha Brilhus.<\/p>\n","protected":false},"excerpt":{"rendered":"<p>P\u00e1 pl\u00e1stica ideal para limpezas r\u00e1pidas, \u00e9\u00a0leve, e encaixa nos cabos da linha Brilhus.<\/p>\n","protected":false},"featured_media":209,"comment_status":"closed","ping_status":"closed","template":"","meta":{"kt_blocks_editor_width":""},"_links":{"self":[{"href":"https:\/\/www.dilui.com.br\/index.php?rest_route=\/wp\/v2\/product\/353"}],"collection":[{"href":"https:\/\/www.dilui.com.br\/index.php?rest_route=\/wp\/v2\/product"}],"about":[{"href":"https:\/\/www.dilui.com.br\/index.php?rest_route=\/wp\/v2\/types\/product"}],"replies":[{"embeddable":true,"href":"https:\/\/www.dilui.com.br\/index.php?rest_route=%2Fwp%2Fv2%2Fcomments&post=353"}],"wp:featuredmedia":[{"embeddable":true,"href":"https:\/\/www.dilui.com.br\/index.php?rest_route=\/wp\/v2\/media\/209"}],"wp:attachment":[{"href":"https:\/\/www.dilui.com.br\/index.php?rest_route=%2Fwp%2Fv2%2Fmedia&parent=353"}],"curies":[{"name":"wp","href":"https:\/\/api.w.org\/{rel}","templated":true}]}}