{"id":352,"date":"2013-08-12T14:16:51","date_gmt":"2013-08-12T14:16:51","guid":{"rendered":"http:\/\/www.dilui.com.br\/?post_type=product&#038;p=352"},"modified":"2019-05-07T14:56:44","modified_gmt":"2019-05-07T14:56:44","slug":"pa-plastica-c-cabo-facilitador","status":"publish","type":"product","link":"https:\/\/www.dilui.com.br\/?product=pa-plastica-c-cabo-facilitador","title":{"rendered":"P\u00e1 Pl\u00e1stica c\/ Cabo Facilitador"},"content":{"rendered":"<p>Dimens\u00f5es: 25 x 26 x 8,5 cm<br \/>\n<span style=\"font-size: 16px;\">&#8211; Possui apoio para firmar a p\u00e1 com o p\u00e9, deixando as m\u00e3os livres para o manuseio da vassoura<\/span><br \/>\n&#8211; Cabo dobr\u00e1vel para facilitar o armazenamento<br \/>\n&#8211; Possui perfil de borracha que faz toda diferen\u00e7a na hora de recolher a sujeira<\/p>\n","protected":false},"excerpt":{"rendered":"<p>P\u00e1 que Facilita a limpeza, pois n\u00e3o \u00e9 necess\u00e1rio se abaixar para utilizar o produto.<\/p>\n","protected":false},"featured_media":207,"comment_status":"closed","ping_status":"closed","template":"","meta":{"kt_blocks_editor_width":""},"_links":{"self":[{"href":"https:\/\/www.dilui.com.br\/index.php?rest_route=\/wp\/v2\/product\/352"}],"collection":[{"href":"https:\/\/www.dilui.com.br\/index.php?rest_route=\/wp\/v2\/product"}],"about":[{"href":"https:\/\/www.dilui.com.br\/index.php?rest_route=\/wp\/v2\/types\/product"}],"replies":[{"embeddable":true,"href":"https:\/\/www.dilui.com.br\/index.php?rest_route=%2Fwp%2Fv2%2Fcomments&post=352"}],"wp:featuredmedia":[{"embeddable":true,"href":"https:\/\/www.dilui.com.br\/index.php?rest_route=\/wp\/v2\/media\/207"}],"wp:attachment":[{"href":"https:\/\/www.dilui.com.br\/index.php?rest_route=%2Fwp%2Fv2%2Fmedia&parent=352"}],"curies":[{"name":"wp","href":"https:\/\/api.w.org\/{rel}","templated":true}]}}