{"id":351,"date":"2013-08-12T14:15:33","date_gmt":"2013-08-12T14:15:33","guid":{"rendered":"http:\/\/www.dilui.com.br\/?post_type=product&#038;p=351"},"modified":"2019-05-07T14:56:51","modified_gmt":"2019-05-07T14:56:51","slug":"pa-de-aco-c-cabo-facilitador","status":"publish","type":"product","link":"https:\/\/www.dilui.com.br\/?product=pa-de-aco-c-cabo-facilitador","title":{"rendered":"P\u00e1 de A\u00e7o c\/ Cabo Facilitador"},"content":{"rendered":"<p>Dimens\u00f5es: 19 x 21 x 5,1 cm<br \/>\n<span style=\"font-size: 16px;\">&#8211; Usada tamb\u00e9m para tirar brasa das lareiras e churrasqueiras<\/span><\/p>\n","protected":false},"excerpt":{"rendered":"<p>P\u00e1 resistente e dur\u00e1vel com cabo longo que se ajusta \u00e0 limpeza mais pesada.<\/p>\n","protected":false},"featured_media":206,"comment_status":"closed","ping_status":"closed","template":"","meta":{"kt_blocks_editor_width":""},"_links":{"self":[{"href":"https:\/\/www.dilui.com.br\/index.php?rest_route=\/wp\/v2\/product\/351"}],"collection":[{"href":"https:\/\/www.dilui.com.br\/index.php?rest_route=\/wp\/v2\/product"}],"about":[{"href":"https:\/\/www.dilui.com.br\/index.php?rest_route=\/wp\/v2\/types\/product"}],"replies":[{"embeddable":true,"href":"https:\/\/www.dilui.com.br\/index.php?rest_route=%2Fwp%2Fv2%2Fcomments&post=351"}],"wp:featuredmedia":[{"embeddable":true,"href":"https:\/\/www.dilui.com.br\/index.php?rest_route=\/wp\/v2\/media\/206"}],"wp:attachment":[{"href":"https:\/\/www.dilui.com.br\/index.php?rest_route=%2Fwp%2Fv2%2Fmedia&parent=351"}],"curies":[{"name":"wp","href":"https:\/\/api.w.org\/{rel}","templated":true}]}}