{"id":347,"date":"2013-08-12T14:03:04","date_gmt":"2013-08-12T14:03:04","guid":{"rendered":"http:\/\/www.dilui.com.br\/?post_type=product&#038;p=347"},"modified":"2019-05-07T14:57:34","modified_gmt":"2019-05-07T14:57:34","slug":"escova-de-limpeza-multiuso-c-alca","status":"publish","type":"product","link":"https:\/\/www.dilui.com.br\/?product=escova-de-limpeza-multiuso-c-alca","title":{"rendered":"Escova de Limpeza Multiuso c\/ Al\u00e7a"},"content":{"rendered":"<p>Dimens\u00f5es: 14,5 x 6 x 8,2 cm<\/p>\n","protected":false},"excerpt":{"rendered":"<p>Escova para escova\u00e7\u00e3o plana e pesada, de m\u00e3o bem fixada no produto para trabalhos pesados com movimentos paralelos com cabo.<\/p>\n","protected":false},"featured_media":202,"comment_status":"closed","ping_status":"closed","template":"","meta":{"kt_blocks_editor_width":""},"_links":{"self":[{"href":"https:\/\/www.dilui.com.br\/index.php?rest_route=\/wp\/v2\/product\/347"}],"collection":[{"href":"https:\/\/www.dilui.com.br\/index.php?rest_route=\/wp\/v2\/product"}],"about":[{"href":"https:\/\/www.dilui.com.br\/index.php?rest_route=\/wp\/v2\/types\/product"}],"replies":[{"embeddable":true,"href":"https:\/\/www.dilui.com.br\/index.php?rest_route=%2Fwp%2Fv2%2Fcomments&post=347"}],"wp:featuredmedia":[{"embeddable":true,"href":"https:\/\/www.dilui.com.br\/index.php?rest_route=\/wp\/v2\/media\/202"}],"wp:attachment":[{"href":"https:\/\/www.dilui.com.br\/index.php?rest_route=%2Fwp%2Fv2%2Fmedia&parent=347"}],"curies":[{"name":"wp","href":"https:\/\/api.w.org\/{rel}","templated":true}]}}