{"id":343,"date":"2013-08-12T13:48:21","date_gmt":"2013-08-12T13:48:21","guid":{"rendered":"http:\/\/www.dilui.com.br\/?post_type=product&#038;p=343"},"modified":"2019-05-07T14:58:00","modified_gmt":"2019-05-07T14:58:00","slug":"desentupidor-pequeno-p-pias","status":"publish","type":"product","link":"https:\/\/www.dilui.com.br\/?product=desentupidor-pequeno-p-pias","title":{"rendered":"Desentupidor Pequeno p\/ Pias"},"content":{"rendered":"<p>Dimens\u00f5es: 19 x 11,4<br \/>\n<span style=\"font-size: 16px;\">&#8211; Potente sanfona que d\u00e1 maior for\u00e7a de suc\u00e7\u00e3o.<\/span><\/p>\n","protected":false},"excerpt":{"rendered":"<p>Desentupidor para ralos, pias e banheiras com cabo anat\u00f4mico.<\/p>\n","protected":false},"featured_media":198,"comment_status":"closed","ping_status":"closed","template":"","meta":{"kt_blocks_editor_width":""},"_links":{"self":[{"href":"https:\/\/www.dilui.com.br\/index.php?rest_route=\/wp\/v2\/product\/343"}],"collection":[{"href":"https:\/\/www.dilui.com.br\/index.php?rest_route=\/wp\/v2\/product"}],"about":[{"href":"https:\/\/www.dilui.com.br\/index.php?rest_route=\/wp\/v2\/types\/product"}],"replies":[{"embeddable":true,"href":"https:\/\/www.dilui.com.br\/index.php?rest_route=%2Fwp%2Fv2%2Fcomments&post=343"}],"wp:featuredmedia":[{"embeddable":true,"href":"https:\/\/www.dilui.com.br\/index.php?rest_route=\/wp\/v2\/media\/198"}],"wp:attachment":[{"href":"https:\/\/www.dilui.com.br\/index.php?rest_route=%2Fwp%2Fv2%2Fmedia&parent=343"}],"curies":[{"name":"wp","href":"https:\/\/api.w.org\/{rel}","templated":true}]}}