{"id":339,"date":"2013-08-12T13:18:52","date_gmt":"2013-08-12T13:18:52","guid":{"rendered":"http:\/\/www.dilui.com.br\/?post_type=product&#038;p=339"},"modified":"2019-05-07T14:59:31","modified_gmt":"2019-05-07T14:59:31","slug":"placa-sinalizadora-p-piso-molhado","status":"publish","type":"product","link":"https:\/\/www.dilui.com.br\/?product=placa-sinalizadora-p-piso-molhado","title":{"rendered":"Placa Sinalizadora p\/ Piso Molhado"},"content":{"rendered":"<p><span style=\"font-size: 16px;\">As placas s\u00e3o feitas com material flex\u00edvel, o que aumenta a sua vida \u00fatil.<\/span><\/p>\n","protected":false},"excerpt":{"rendered":"<p>As placas sinalizadoras identificam as \u00e1reas de risco e auxiliam no isolamento das mesmas. Al\u00e9m de reduzir a probabilidade de acidentes, minimizam o risco de indeniza\u00e7\u00f5es geradas por eles.<\/p>\n","protected":false},"featured_media":195,"comment_status":"closed","ping_status":"closed","template":"","meta":{"kt_blocks_editor_width":""},"_links":{"self":[{"href":"https:\/\/www.dilui.com.br\/index.php?rest_route=\/wp\/v2\/product\/339"}],"collection":[{"href":"https:\/\/www.dilui.com.br\/index.php?rest_route=\/wp\/v2\/product"}],"about":[{"href":"https:\/\/www.dilui.com.br\/index.php?rest_route=\/wp\/v2\/types\/product"}],"replies":[{"embeddable":true,"href":"https:\/\/www.dilui.com.br\/index.php?rest_route=%2Fwp%2Fv2%2Fcomments&post=339"}],"wp:featuredmedia":[{"embeddable":true,"href":"https:\/\/www.dilui.com.br\/index.php?rest_route=\/wp\/v2\/media\/195"}],"wp:attachment":[{"href":"https:\/\/www.dilui.com.br\/index.php?rest_route=%2Fwp%2Fv2%2Fmedia&parent=339"}],"curies":[{"name":"wp","href":"https:\/\/api.w.org\/{rel}","templated":true}]}}