{"id":332,"date":"2013-08-12T12:32:11","date_gmt":"2013-08-12T12:32:11","guid":{"rendered":"http:\/\/www.dilui.com.br\/?post_type=product&#038;p=332"},"modified":"2019-05-07T15:00:06","modified_gmt":"2019-05-07T15:00:06","slug":"luva-descartavel-20unids","status":"publish","type":"product","link":"https:\/\/www.dilui.com.br\/?product=luva-descartavel-20unids","title":{"rendered":"Luva Descart\u00e1vel Multiuso Transparente"},"content":{"rendered":"<p><span style=\"font-size: 16px;\">\u2022 Altamente higi\u00eanicas e resistentes;<\/span><br \/>\n\u2022 Podem ser usadas para diversas fun\u00e7\u00f5es;<br \/>\n\u2022 Protegem as m\u00e3os do contato com produtos qu\u00edmicos.<\/p>\n","protected":false},"excerpt":{"rendered":"<p>As luvas descart\u00e1veis s\u00e3o ideais para limpeza geral dos ambientes e para limpeza de lou\u00e7as e objetos delicados.<\/p>\n","protected":false},"featured_media":190,"comment_status":"closed","ping_status":"closed","template":"","meta":{"kt_blocks_editor_width":""},"_links":{"self":[{"href":"https:\/\/www.dilui.com.br\/index.php?rest_route=\/wp\/v2\/product\/332"}],"collection":[{"href":"https:\/\/www.dilui.com.br\/index.php?rest_route=\/wp\/v2\/product"}],"about":[{"href":"https:\/\/www.dilui.com.br\/index.php?rest_route=\/wp\/v2\/types\/product"}],"replies":[{"embeddable":true,"href":"https:\/\/www.dilui.com.br\/index.php?rest_route=%2Fwp%2Fv2%2Fcomments&post=332"}],"wp:featuredmedia":[{"embeddable":true,"href":"https:\/\/www.dilui.com.br\/index.php?rest_route=\/wp\/v2\/media\/190"}],"wp:attachment":[{"href":"https:\/\/www.dilui.com.br\/index.php?rest_route=%2Fwp%2Fv2%2Fmedia&parent=332"}],"curies":[{"name":"wp","href":"https:\/\/api.w.org\/{rel}","templated":true}]}}