{"id":331,"date":"2013-08-12T01:29:52","date_gmt":"2013-08-12T01:29:52","guid":{"rendered":"http:\/\/www.dilui.com.br\/?post_type=product&#038;p=331"},"modified":"2019-05-07T15:00:13","modified_gmt":"2019-05-07T15:00:13","slug":"la-de-aco-bombril-fardo-14x8","status":"publish","type":"product","link":"https:\/\/www.dilui.com.br\/?product=la-de-aco-bombril-fardo-14x8","title":{"rendered":"L\u00e3 de A\u00e7o Bombril Fardo 14X8"},"content":{"rendered":"<p><span style=\"font-size: 16px;\">E ainda d\u00e1 brilho sem riscar.<\/span><\/p>\n<p>Bombril deixa suas panelas limpinhas e brilhantes, como novas.<\/p>\n<p><strong>Fardo 14X8UNIDS<\/strong><\/p>\n","protected":false},"excerpt":{"rendered":"<p>Bombril Ecol\u00f3gico. 100% Brasil. Voc\u00ea usa, joga fora, ele enferruja, se desmancha e some sem acumular bact\u00e9rias e sem agredir a natureza.<\/p>\n","protected":false},"featured_media":188,"comment_status":"closed","ping_status":"closed","template":"","meta":{"kt_blocks_editor_width":""},"_links":{"self":[{"href":"https:\/\/www.dilui.com.br\/index.php?rest_route=\/wp\/v2\/product\/331"}],"collection":[{"href":"https:\/\/www.dilui.com.br\/index.php?rest_route=\/wp\/v2\/product"}],"about":[{"href":"https:\/\/www.dilui.com.br\/index.php?rest_route=\/wp\/v2\/types\/product"}],"replies":[{"embeddable":true,"href":"https:\/\/www.dilui.com.br\/index.php?rest_route=%2Fwp%2Fv2%2Fcomments&post=331"}],"wp:featuredmedia":[{"embeddable":true,"href":"https:\/\/www.dilui.com.br\/index.php?rest_route=\/wp\/v2\/media\/188"}],"wp:attachment":[{"href":"https:\/\/www.dilui.com.br\/index.php?rest_route=%2Fwp%2Fv2%2Fmedia&parent=331"}],"curies":[{"name":"wp","href":"https:\/\/api.w.org\/{rel}","templated":true}]}}