{"id":330,"date":"2013-08-12T01:26:40","date_gmt":"2013-08-12T01:26:40","guid":{"rendered":"http:\/\/www.dilui.com.br\/?post_type=product&#038;p=330"},"modified":"2019-05-07T15:00:21","modified_gmt":"2019-05-07T15:00:21","slug":"esponja-lavagem-p-carro","status":"publish","type":"product","link":"https:\/\/www.dilui.com.br\/?product=esponja-lavagem-p-carro","title":{"rendered":"Esponja Lavagem p\/ Carro"},"content":{"rendered":"<p><span style=\"font-size: 16px;\">&#8211; Esponja flex\u00edvel que facilita a limpeza das dobras<\/span><br \/>\n&#8211; Grande reten\u00e7\u00e3o de \u00e1gua e espuma<\/p>\n","protected":false},"excerpt":{"rendered":"<p>Esponja para lavagem externa de ve\u00edculos, perfeita para uma lavagem com maior rendimento.<\/p>\n","protected":false},"featured_media":184,"comment_status":"closed","ping_status":"closed","template":"","meta":{"kt_blocks_editor_width":""},"_links":{"self":[{"href":"https:\/\/www.dilui.com.br\/index.php?rest_route=\/wp\/v2\/product\/330"}],"collection":[{"href":"https:\/\/www.dilui.com.br\/index.php?rest_route=\/wp\/v2\/product"}],"about":[{"href":"https:\/\/www.dilui.com.br\/index.php?rest_route=\/wp\/v2\/types\/product"}],"replies":[{"embeddable":true,"href":"https:\/\/www.dilui.com.br\/index.php?rest_route=%2Fwp%2Fv2%2Fcomments&post=330"}],"wp:featuredmedia":[{"embeddable":true,"href":"https:\/\/www.dilui.com.br\/index.php?rest_route=\/wp\/v2\/media\/184"}],"wp:attachment":[{"href":"https:\/\/www.dilui.com.br\/index.php?rest_route=%2Fwp%2Fv2%2Fmedia&parent=330"}],"curies":[{"name":"wp","href":"https:\/\/api.w.org\/{rel}","templated":true}]}}