{"id":328,"date":"2013-08-12T01:21:01","date_gmt":"2013-08-12T01:21:01","guid":{"rendered":"http:\/\/www.dilui.com.br\/?post_type=product&#038;p=328"},"modified":"2019-05-07T15:00:28","modified_gmt":"2019-05-07T15:00:28","slug":"esponja-infantil-p-banho","status":"publish","type":"product","link":"https:\/\/www.dilui.com.br\/?product=esponja-infantil-p-banho","title":{"rendered":"Esponja Infantil p\/ Banho Blup"},"content":{"rendered":"<p><span style=\"font-size: 16px;\">&#8211; Cont\u00e9m c\u00e9lulas heterog\u00eaneas que facilitam a limpeza e absorvem bem o sabonete.<\/span><\/p>\n","protected":false},"excerpt":{"rendered":"<p>Esponja em forma de desenhos e cores atraentes ao olhar infantil \u00e9\u00a0macia e estimula o banho com uma brincadeira.<\/p>\n","protected":false},"featured_media":185,"comment_status":"closed","ping_status":"closed","template":"","meta":{"kt_blocks_editor_width":""},"_links":{"self":[{"href":"https:\/\/www.dilui.com.br\/index.php?rest_route=\/wp\/v2\/product\/328"}],"collection":[{"href":"https:\/\/www.dilui.com.br\/index.php?rest_route=\/wp\/v2\/product"}],"about":[{"href":"https:\/\/www.dilui.com.br\/index.php?rest_route=\/wp\/v2\/types\/product"}],"replies":[{"embeddable":true,"href":"https:\/\/www.dilui.com.br\/index.php?rest_route=%2Fwp%2Fv2%2Fcomments&post=328"}],"wp:featuredmedia":[{"embeddable":true,"href":"https:\/\/www.dilui.com.br\/index.php?rest_route=\/wp\/v2\/media\/185"}],"wp:attachment":[{"href":"https:\/\/www.dilui.com.br\/index.php?rest_route=%2Fwp%2Fv2%2Fmedia&parent=328"}],"curies":[{"name":"wp","href":"https:\/\/api.w.org\/{rel}","templated":true}]}}