{"id":326,"date":"2013-08-12T01:15:19","date_gmt":"2013-08-12T01:15:19","guid":{"rendered":"http:\/\/www.dilui.com.br\/?post_type=product&#038;p=326"},"modified":"2019-05-07T15:00:43","modified_gmt":"2019-05-07T15:00:43","slug":"esponja-flexivel-p-carros","status":"publish","type":"product","link":"https:\/\/www.dilui.com.br\/?product=esponja-flexivel-p-carros","title":{"rendered":"Esponja Flex\u00edvel p\/ Carros"},"content":{"rendered":"<p>Dimens\u00f5es: 13 x 20 x 6 cm<\/p>\n","protected":false},"excerpt":{"rendered":"<p>&#8211; Para lavagem externa de ve\u00edculos<br \/>\n&#8211; Perfeita para uma lavagem com maior rendimento.<br \/>\n&#8211; Esponja flex\u00edvel que facilita a limpeza das dobras<br \/>\n&#8211; Grande reten\u00e7\u00e3o de \u00e1gua e espuma<\/p>\n","protected":false},"featured_media":183,"comment_status":"closed","ping_status":"closed","template":"","meta":{"kt_blocks_editor_width":""},"_links":{"self":[{"href":"https:\/\/www.dilui.com.br\/index.php?rest_route=\/wp\/v2\/product\/326"}],"collection":[{"href":"https:\/\/www.dilui.com.br\/index.php?rest_route=\/wp\/v2\/product"}],"about":[{"href":"https:\/\/www.dilui.com.br\/index.php?rest_route=\/wp\/v2\/types\/product"}],"replies":[{"embeddable":true,"href":"https:\/\/www.dilui.com.br\/index.php?rest_route=%2Fwp%2Fv2%2Fcomments&post=326"}],"wp:featuredmedia":[{"embeddable":true,"href":"https:\/\/www.dilui.com.br\/index.php?rest_route=\/wp\/v2\/media\/183"}],"wp:attachment":[{"href":"https:\/\/www.dilui.com.br\/index.php?rest_route=%2Fwp%2Fv2%2Fmedia&parent=326"}],"curies":[{"name":"wp","href":"https:\/\/api.w.org\/{rel}","templated":true}]}}