{"id":325,"date":"2013-08-12T01:11:35","date_gmt":"2013-08-12T01:11:35","guid":{"rendered":"http:\/\/www.dilui.com.br\/?post_type=product&#038;p=325"},"modified":"2019-05-07T15:00:51","modified_gmt":"2019-05-07T15:00:51","slug":"fibra-limpa-forno-3m","status":"publish","type":"product","link":"https:\/\/www.dilui.com.br\/?product=fibra-limpa-forno-3m","title":{"rendered":"Fibra Abrasiva Limpa Forno 10UNIDS"},"content":{"rendered":"<p>Indicado para remo\u00e7\u00e3o da sujeira em chapas e grelhas, superf\u00edcies, pisos e utens\u00edlios, substituindo a l\u00e3 e a palha de a\u00e7o. \u00c9 resistente quando utilizado sobre superf\u00edcies ainda quentes, o que aumenta seu poder de limpeza.<\/p>\n<p>Indica\u00e7\u00e3o: Limpeza Pesada e Ultra Pesada.<\/p>\n<p><strong>Pacote 10 unidades.<\/strong><\/p>\n","protected":false},"excerpt":{"rendered":"<p>Indicado para remo\u00e7\u00e3o da sujeira em chapas e grelhas, superf\u00edcies, pisos e utens\u00edlios, substituindo a l\u00e3 e a palha de a\u00e7o. \u00c9 resistente quando utilizado sobre superf\u00edcies ainda quentes, o que aumenta seu poder de limpeza. Indica\u00e7\u00e3o: Limpeza Pesada e &hellip; <a href=\"https:\/\/www.dilui.com.br\/?product=fibra-limpa-forno-3m\">leia mais<\/a><\/p>\n","protected":false},"featured_media":186,"comment_status":"closed","ping_status":"closed","template":"","meta":{"kt_blocks_editor_width":""},"_links":{"self":[{"href":"https:\/\/www.dilui.com.br\/index.php?rest_route=\/wp\/v2\/product\/325"}],"collection":[{"href":"https:\/\/www.dilui.com.br\/index.php?rest_route=\/wp\/v2\/product"}],"about":[{"href":"https:\/\/www.dilui.com.br\/index.php?rest_route=\/wp\/v2\/types\/product"}],"replies":[{"embeddable":true,"href":"https:\/\/www.dilui.com.br\/index.php?rest_route=%2Fwp%2Fv2%2Fcomments&post=325"}],"wp:featuredmedia":[{"embeddable":true,"href":"https:\/\/www.dilui.com.br\/index.php?rest_route=\/wp\/v2\/media\/186"}],"wp:attachment":[{"href":"https:\/\/www.dilui.com.br\/index.php?rest_route=%2Fwp%2Fv2%2Fmedia&parent=325"}],"curies":[{"name":"wp","href":"https:\/\/api.w.org\/{rel}","templated":true}]}}