{"id":324,"date":"2013-08-12T01:07:40","date_gmt":"2013-08-12T01:07:40","guid":{"rendered":"http:\/\/www.dilui.com.br\/?post_type=product&#038;p=324"},"modified":"2019-05-07T15:01:04","modified_gmt":"2019-05-07T15:01:04","slug":"esponja-sanitaria-10unids","status":"publish","type":"product","link":"https:\/\/www.dilui.com.br\/?product=esponja-sanitaria-10unids","title":{"rendered":"Esponja Sanit\u00e1ria 10UNIDS"},"content":{"rendered":"<p>Limpa sujidades leves em superf\u00edcies delicadas como vidros, inox, porcelana, cristais, pe\u00e7as sanit\u00e1rias, espelhos e cer\u00e2micas, sem arranh\u00e1-las. Possui cor diferenciada para evitar o risco de contamina\u00e7\u00e3o cruzada.<\/p>\n<p>Indica\u00e7\u00e3o: Limpeza Leve.<\/p>\n<p><strong>Pacote 10 unidades.<\/strong><\/p>\n","protected":false},"excerpt":{"rendered":"<p>Limpa sujidades leves em superf\u00edcies delicadas como vidros, inox, porcelana, cristais, pe\u00e7as sanit\u00e1rias, espelhos e cer\u00e2micas, sem arranh\u00e1-las. Possui cor diferenciada para evitar o risco de contamina\u00e7\u00e3o cruzada. Indica\u00e7\u00e3o: Limpeza Leve. Pacote 10 unidades.<\/p>\n","protected":false},"featured_media":187,"comment_status":"closed","ping_status":"closed","template":"","meta":{"kt_blocks_editor_width":""},"_links":{"self":[{"href":"https:\/\/www.dilui.com.br\/index.php?rest_route=\/wp\/v2\/product\/324"}],"collection":[{"href":"https:\/\/www.dilui.com.br\/index.php?rest_route=\/wp\/v2\/product"}],"about":[{"href":"https:\/\/www.dilui.com.br\/index.php?rest_route=\/wp\/v2\/types\/product"}],"replies":[{"embeddable":true,"href":"https:\/\/www.dilui.com.br\/index.php?rest_route=%2Fwp%2Fv2%2Fcomments&post=324"}],"wp:featuredmedia":[{"embeddable":true,"href":"https:\/\/www.dilui.com.br\/index.php?rest_route=\/wp\/v2\/media\/187"}],"wp:attachment":[{"href":"https:\/\/www.dilui.com.br\/index.php?rest_route=%2Fwp%2Fv2%2Fmedia&parent=324"}],"curies":[{"name":"wp","href":"https:\/\/api.w.org\/{rel}","templated":true}]}}