{"id":323,"date":"2013-08-12T01:04:39","date_gmt":"2013-08-12T01:04:39","guid":{"rendered":"http:\/\/www.dilui.com.br\/?post_type=product&#038;p=323"},"modified":"2019-05-07T15:01:11","modified_gmt":"2019-05-07T15:01:11","slug":"esponja-dupla-face-10unids","status":"publish","type":"product","link":"https:\/\/www.dilui.com.br\/?product=esponja-dupla-face-10unids","title":{"rendered":"Esponja Dupla Face 10UNIDS"},"content":{"rendered":"<p>Indicada para limpeza de superf\u00edcies delicadas como vidros, inox, cristais, porcelanas, box de banheiro, espelhos, pe\u00e7as cromadas, elevadores e outros. Sua cor diferenciada ajuda a evitar contamina\u00e7\u00e3o cruzada. Podem ocorrer alguns riscos \u00e0 superf\u00edcie.<\/p>\n","protected":false},"excerpt":{"rendered":"<p>Indicada para limpeza de superf\u00edcies delicadas como vidros, inox, cristais, porcelanas, box de banheiro, espelhos, pe\u00e7as cromadas, elevadores e outros. Sua cor diferenciada ajuda a evitar contamina\u00e7\u00e3o cruzada. Podem ocorrer alguns riscos \u00e0 superf\u00edcie.<\/p>\n","protected":false},"featured_media":182,"comment_status":"closed","ping_status":"closed","template":"","meta":{"kt_blocks_editor_width":""},"_links":{"self":[{"href":"https:\/\/www.dilui.com.br\/index.php?rest_route=\/wp\/v2\/product\/323"}],"collection":[{"href":"https:\/\/www.dilui.com.br\/index.php?rest_route=\/wp\/v2\/product"}],"about":[{"href":"https:\/\/www.dilui.com.br\/index.php?rest_route=\/wp\/v2\/types\/product"}],"replies":[{"embeddable":true,"href":"https:\/\/www.dilui.com.br\/index.php?rest_route=%2Fwp%2Fv2%2Fcomments&post=323"}],"wp:featuredmedia":[{"embeddable":true,"href":"https:\/\/www.dilui.com.br\/index.php?rest_route=\/wp\/v2\/media\/182"}],"wp:attachment":[{"href":"https:\/\/www.dilui.com.br\/index.php?rest_route=%2Fwp%2Fv2%2Fmedia&parent=323"}],"curies":[{"name":"wp","href":"https:\/\/api.w.org\/{rel}","templated":true}]}}