{"id":322,"date":"2013-08-12T00:59:55","date_gmt":"2013-08-12T00:59:55","guid":{"rendered":"http:\/\/www.dilui.com.br\/?post_type=product&#038;p=322"},"modified":"2019-05-07T15:01:19","modified_gmt":"2019-05-07T15:01:19","slug":"disco-de-limpeza-preto-removedor","status":"publish","type":"product","link":"https:\/\/www.dilui.com.br\/?product=disco-de-limpeza-preto-removedor","title":{"rendered":"Disco de Limpeza Preto &#8211; Removedor"},"content":{"rendered":"<p>Disco refer\u00eancia de mercado. Possui alta abrasividade para remo\u00e7\u00e3o total de muitas camadas de acabamentos, bases seladoras e contaminantes de pisos. Possui minerais abrasivos em toda a sua estrutura, garantindo um desempenho constante por toda a vida \u00fatil do produto. Ideal para todos os tipos de piso, com exce\u00e7\u00e3o dos mais fr\u00e1geis, como porcelanato e pintura ep\u00f3xi.<\/p>\n<p>Equipamento Compat\u00edvel: Enceradeira de baixa rota\u00e7\u00e3o ou lavadora autom\u00e1tica.<\/p>\n<p><strong>Di\u00e2metro: 51cm<\/strong><\/p>\n","protected":false},"excerpt":{"rendered":"<p>Disco refer\u00eancia de mercado. Possui alta abrasividade para remo\u00e7\u00e3o total de muitas camadas de acabamentos, bases seladoras e contaminantes de pisos. Possui minerais abrasivos em toda a sua estrutura, garantindo um desempenho constante por toda a vida \u00fatil do produto. &hellip; <a href=\"https:\/\/www.dilui.com.br\/?product=disco-de-limpeza-preto-removedor\">leia mais<\/a><\/p>\n","protected":false},"featured_media":180,"comment_status":"closed","ping_status":"closed","template":"","meta":{"kt_blocks_editor_width":""},"_links":{"self":[{"href":"https:\/\/www.dilui.com.br\/index.php?rest_route=\/wp\/v2\/product\/322"}],"collection":[{"href":"https:\/\/www.dilui.com.br\/index.php?rest_route=\/wp\/v2\/product"}],"about":[{"href":"https:\/\/www.dilui.com.br\/index.php?rest_route=\/wp\/v2\/types\/product"}],"replies":[{"embeddable":true,"href":"https:\/\/www.dilui.com.br\/index.php?rest_route=%2Fwp%2Fv2%2Fcomments&post=322"}],"wp:featuredmedia":[{"embeddable":true,"href":"https:\/\/www.dilui.com.br\/index.php?rest_route=\/wp\/v2\/media\/180"}],"wp:attachment":[{"href":"https:\/\/www.dilui.com.br\/index.php?rest_route=%2Fwp%2Fv2%2Fmedia&parent=322"}],"curies":[{"name":"wp","href":"https:\/\/api.w.org\/{rel}","templated":true}]}}