{"id":321,"date":"2013-08-12T00:58:28","date_gmt":"2013-08-12T00:58:28","guid":{"rendered":"http:\/\/www.dilui.com.br\/?post_type=product&#038;p=321"},"modified":"2019-05-07T15:01:27","modified_gmt":"2019-05-07T15:01:27","slug":"disco-de-limpeza-verde-limpador","status":"publish","type":"product","link":"https:\/\/www.dilui.com.br\/?product=disco-de-limpeza-verde-limpador","title":{"rendered":"Disco de Limpeza Verde &#8211; Limpador"},"content":{"rendered":"<p>Remove camadas mais superficiais e sujeiras impregnadas na superf\u00edcie do acabamento, sem danificar as camadas inferiores.<\/p>\n<p>Possui minerais abrasivos em toda a sua estrutura, garantindo um desempenho constante por toda a vida \u00fatil do produto. Ideal para todos os tipos de piso, com exce\u00e7\u00e3o dos mais fr\u00e1geis, como porcelanato e pintura ep\u00f3xi.<\/p>\n<p>Equipamento Compat\u00edvel: Enceradeira de baixa rota\u00e7\u00e3o ou lavadora autom\u00e1tica.<\/p>\n<p><strong>Di\u00e2metro: 51cm<\/strong><\/p>\n","protected":false},"excerpt":{"rendered":"<p>Remove camadas mais superficiais e sujeiras impregnadas na superf\u00edcie do acabamento, sem danificar as camadas inferiores. Possui minerais abrasivos em toda a sua estrutura, garantindo um desempenho constante por toda a vida \u00fatil do produto. Ideal para todos os tipos &hellip; <a href=\"https:\/\/www.dilui.com.br\/?product=disco-de-limpeza-verde-limpador\">leia mais<\/a><\/p>\n","protected":false},"featured_media":181,"comment_status":"closed","ping_status":"closed","template":"","meta":{"kt_blocks_editor_width":""},"_links":{"self":[{"href":"https:\/\/www.dilui.com.br\/index.php?rest_route=\/wp\/v2\/product\/321"}],"collection":[{"href":"https:\/\/www.dilui.com.br\/index.php?rest_route=\/wp\/v2\/product"}],"about":[{"href":"https:\/\/www.dilui.com.br\/index.php?rest_route=\/wp\/v2\/types\/product"}],"replies":[{"embeddable":true,"href":"https:\/\/www.dilui.com.br\/index.php?rest_route=%2Fwp%2Fv2%2Fcomments&post=321"}],"wp:featuredmedia":[{"embeddable":true,"href":"https:\/\/www.dilui.com.br\/index.php?rest_route=\/wp\/v2\/media\/181"}],"wp:attachment":[{"href":"https:\/\/www.dilui.com.br\/index.php?rest_route=%2Fwp%2Fv2%2Fmedia&parent=321"}],"curies":[{"name":"wp","href":"https:\/\/api.w.org\/{rel}","templated":true}]}}