{"id":320,"date":"2013-08-12T00:54:53","date_gmt":"2013-08-12T00:54:53","guid":{"rendered":"http:\/\/www.dilui.com.br\/?post_type=product&#038;p=320"},"modified":"2019-05-07T15:01:34","modified_gmt":"2019-05-07T15:01:34","slug":"disco-de-limpeza-branco-lustrador","status":"publish","type":"product","link":"https:\/\/www.dilui.com.br\/?product=disco-de-limpeza-branco-lustrador","title":{"rendered":"Disco de Limpeza Branco &#8211; Lustrador"},"content":{"rendered":"<p>Produto para polimento sem remo\u00e7\u00e3o, recuperando o brilho em pisos com acabamentos macios.<\/p>\n<p>Equipamento Compat\u00edvel: Enceradeira de baixa rota\u00e7\u00e3o.<\/p>\n<p><strong>Di\u00e2metro: 51cm<\/strong><\/p>\n","protected":false},"excerpt":{"rendered":"<p>Produto para polimento sem remo\u00e7\u00e3o, recuperando o brilho em pisos com acabamentos macios. Equipamento Compat\u00edvel: Enceradeira de baixa rota\u00e7\u00e3o. Di\u00e2metro: 51cm<\/p>\n","protected":false},"featured_media":179,"comment_status":"closed","ping_status":"closed","template":"","meta":{"kt_blocks_editor_width":""},"_links":{"self":[{"href":"https:\/\/www.dilui.com.br\/index.php?rest_route=\/wp\/v2\/product\/320"}],"collection":[{"href":"https:\/\/www.dilui.com.br\/index.php?rest_route=\/wp\/v2\/product"}],"about":[{"href":"https:\/\/www.dilui.com.br\/index.php?rest_route=\/wp\/v2\/types\/product"}],"replies":[{"embeddable":true,"href":"https:\/\/www.dilui.com.br\/index.php?rest_route=%2Fwp%2Fv2%2Fcomments&post=320"}],"wp:featuredmedia":[{"embeddable":true,"href":"https:\/\/www.dilui.com.br\/index.php?rest_route=\/wp\/v2\/media\/179"}],"wp:attachment":[{"href":"https:\/\/www.dilui.com.br\/index.php?rest_route=%2Fwp%2Fv2%2Fmedia&parent=320"}],"curies":[{"name":"wp","href":"https:\/\/api.w.org\/{rel}","templated":true}]}}