{"id":317,"date":"2013-08-12T00:36:51","date_gmt":"2013-08-12T00:36:51","guid":{"rendered":"http:\/\/www.dilui.com.br\/?post_type=product&#038;p=317"},"modified":"2019-05-07T15:01:40","modified_gmt":"2019-05-07T15:01:40","slug":"bota-de-borracha-poliester-branca","status":"publish","type":"product","link":"https:\/\/www.dilui.com.br\/?product=bota-de-borracha-poliester-branca","title":{"rendered":"Bota de Borracha Poliester &#8211; Branca"},"content":{"rendered":"<p>Cor: branca<br \/>\nSolado: 4,5mm de espessura<br \/>\nForra\u00e7\u00e3o: malha de poli\u00e9ster 100%<br \/>\nCabedal: superf\u00edcie &#8220;espelhada\u201d.<br \/>\nMat\u00e9ria-prima: PVC injetado com adi\u00e7\u00e3o de plastificantes e nitr\u00edlicos.<br \/>\nMateriais &#8220;virgens\u201d e formula\u00e7\u00e3o exclusiva.<\/p>\n","protected":false},"excerpt":{"rendered":"<p>Cor: branca Solado: 4,5mm de espessura Forra\u00e7\u00e3o: malha de poli\u00e9ster 100% Cabedal: superf\u00edcie &#8220;espelhada\u201d. Mat\u00e9ria-prima: PVC injetado com adi\u00e7\u00e3o de plastificantes e nitr\u00edlicos. Materiais &#8220;virgens\u201d e formula\u00e7\u00e3o exclusiva.<\/p>\n","protected":false},"featured_media":175,"comment_status":"closed","ping_status":"closed","template":"","meta":{"kt_blocks_editor_width":""},"_links":{"self":[{"href":"https:\/\/www.dilui.com.br\/index.php?rest_route=\/wp\/v2\/product\/317"}],"collection":[{"href":"https:\/\/www.dilui.com.br\/index.php?rest_route=\/wp\/v2\/product"}],"about":[{"href":"https:\/\/www.dilui.com.br\/index.php?rest_route=\/wp\/v2\/types\/product"}],"replies":[{"embeddable":true,"href":"https:\/\/www.dilui.com.br\/index.php?rest_route=%2Fwp%2Fv2%2Fcomments&post=317"}],"wp:featuredmedia":[{"embeddable":true,"href":"https:\/\/www.dilui.com.br\/index.php?rest_route=\/wp\/v2\/media\/175"}],"wp:attachment":[{"href":"https:\/\/www.dilui.com.br\/index.php?rest_route=%2Fwp%2Fv2%2Fmedia&parent=317"}],"curies":[{"name":"wp","href":"https:\/\/api.w.org\/{rel}","templated":true}]}}