{"id":316,"date":"2013-08-12T00:34:22","date_gmt":"2013-08-12T00:34:22","guid":{"rendered":"http:\/\/www.dilui.com.br\/?post_type=product&#038;p=316"},"modified":"2019-05-07T15:01:47","modified_gmt":"2019-05-07T15:01:47","slug":"avental-emborrachado-resistente","status":"publish","type":"product","link":"https:\/\/www.dilui.com.br\/?product=avental-emborrachado-resistente","title":{"rendered":"Avental Emborrachado Resistente"},"content":{"rendered":"<p>Avental Emborrachado Higi\u00eanico, sua pelicula pl\u00e1stificada agiliza a limpeza;<br \/>\nDispon\u00edveis na cor Branca. Tamanho: 110x63cm<\/p>\n","protected":false},"excerpt":{"rendered":"<p>Avental Emborrachado Higi\u00eanico, sua pelicula pl\u00e1stificada agiliza a limpeza; Dispon\u00edveis na cor Branca. Tamanho: 110x63cm<\/p>\n","protected":false},"featured_media":174,"comment_status":"closed","ping_status":"closed","template":"","meta":{"kt_blocks_editor_width":""},"_links":{"self":[{"href":"https:\/\/www.dilui.com.br\/index.php?rest_route=\/wp\/v2\/product\/316"}],"collection":[{"href":"https:\/\/www.dilui.com.br\/index.php?rest_route=\/wp\/v2\/product"}],"about":[{"href":"https:\/\/www.dilui.com.br\/index.php?rest_route=\/wp\/v2\/types\/product"}],"replies":[{"embeddable":true,"href":"https:\/\/www.dilui.com.br\/index.php?rest_route=%2Fwp%2Fv2%2Fcomments&post=316"}],"wp:featuredmedia":[{"embeddable":true,"href":"https:\/\/www.dilui.com.br\/index.php?rest_route=\/wp\/v2\/media\/174"}],"wp:attachment":[{"href":"https:\/\/www.dilui.com.br\/index.php?rest_route=%2Fwp%2Fv2%2Fmedia&parent=316"}],"curies":[{"name":"wp","href":"https:\/\/api.w.org\/{rel}","templated":true}]}}