{"id":314,"date":"2013-08-12T00:29:11","date_gmt":"2013-08-12T00:29:11","guid":{"rendered":"http:\/\/www.dilui.com.br\/?post_type=product&#038;p=314"},"modified":"2019-05-07T15:01:56","modified_gmt":"2019-05-07T15:01:56","slug":"aromatizador-eletrico-via-aroma","status":"publish","type":"product","link":"https:\/\/www.dilui.com.br\/?product=aromatizador-eletrico-via-aroma","title":{"rendered":"Aromatizador El\u00e9trico Via Aroma"},"content":{"rendered":"<p><span style=\"font-size: 16px;\">Informa\u00e7\u00f5es t\u00e9cnicas<br \/>\n<\/span>&#8211; Aromatiza 30m\u00b2.<br \/>\n&#8211; Bivolt Autom\u00e1tico 127\/220 V.<br \/>\n&#8211; Plug Inteligente.<br \/>\n&#8211; Consumo 3w.<br \/>\n&#8211; Fabricado em Porcelana.<br \/>\n&#8211; N\u00e3o superaquece.<\/p>\n","protected":false},"excerpt":{"rendered":"<p>O Aromatizador El\u00e9trico Via Aroma \u00e9 a forma ideal para deixar sua casa, loja ou escrit\u00f3rio com o cheiro que voc\u00ea mais gosta. Permite que seu ambiente seja aromatizado de forma continua, pr\u00e1tica e segura. Utilize a ess\u00eancia que desejar.<\/p>\n","protected":false},"featured_media":172,"comment_status":"closed","ping_status":"closed","template":"","meta":{"kt_blocks_editor_width":""},"_links":{"self":[{"href":"https:\/\/www.dilui.com.br\/index.php?rest_route=\/wp\/v2\/product\/314"}],"collection":[{"href":"https:\/\/www.dilui.com.br\/index.php?rest_route=\/wp\/v2\/product"}],"about":[{"href":"https:\/\/www.dilui.com.br\/index.php?rest_route=\/wp\/v2\/types\/product"}],"replies":[{"embeddable":true,"href":"https:\/\/www.dilui.com.br\/index.php?rest_route=%2Fwp%2Fv2%2Fcomments&post=314"}],"wp:featuredmedia":[{"embeddable":true,"href":"https:\/\/www.dilui.com.br\/index.php?rest_route=\/wp\/v2\/media\/172"}],"wp:attachment":[{"href":"https:\/\/www.dilui.com.br\/index.php?rest_route=%2Fwp%2Fv2%2Fmedia&parent=314"}],"curies":[{"name":"wp","href":"https:\/\/api.w.org\/{rel}","templated":true}]}}