{"id":310,"date":"2013-08-12T00:16:26","date_gmt":"2013-08-12T00:16:26","guid":{"rendered":"http:\/\/www.dilui.com.br\/?post_type=product&#038;p=310"},"modified":"2019-05-07T15:02:30","modified_gmt":"2019-05-07T15:02:30","slug":"toalheiro-c-alavanca-acrilico","status":"publish","type":"product","link":"https:\/\/www.dilui.com.br\/?product=toalheiro-c-alavanca-acrilico","title":{"rendered":"Toalheiro c\/ Alavanca Acr\u00edlico"},"content":{"rendered":"<p>Cor: Preta<br \/>\nCaracter\u00edsticas: Base em ABS Branco e tampa Policarbonato Transparente.Fechamento com chave.<br \/>\nCapacidade: Papel Toalha em Bobina at\u00e9 200 m ou com \u00d8 m\u00e1ximo de 200 mm<\/p>\n","protected":false},"excerpt":{"rendered":"<p>Cor: Preta Caracter\u00edsticas: Base em ABS Branco e tampa Policarbonato Transparente.Fechamento com chave. Capacidade: Papel Toalha em Bobina at\u00e9 200 m ou com \u00d8 m\u00e1ximo de 200 mm<\/p>\n","protected":false},"featured_media":168,"comment_status":"closed","ping_status":"closed","template":"","meta":{"kt_blocks_editor_width":""},"_links":{"self":[{"href":"https:\/\/www.dilui.com.br\/index.php?rest_route=\/wp\/v2\/product\/310"}],"collection":[{"href":"https:\/\/www.dilui.com.br\/index.php?rest_route=\/wp\/v2\/product"}],"about":[{"href":"https:\/\/www.dilui.com.br\/index.php?rest_route=\/wp\/v2\/types\/product"}],"replies":[{"embeddable":true,"href":"https:\/\/www.dilui.com.br\/index.php?rest_route=%2Fwp%2Fv2%2Fcomments&post=310"}],"wp:featuredmedia":[{"embeddable":true,"href":"https:\/\/www.dilui.com.br\/index.php?rest_route=\/wp\/v2\/media\/168"}],"wp:attachment":[{"href":"https:\/\/www.dilui.com.br\/index.php?rest_route=%2Fwp%2Fv2%2Fmedia&parent=310"}],"curies":[{"name":"wp","href":"https:\/\/api.w.org\/{rel}","templated":true}]}}