{"id":309,"date":"2013-08-12T00:08:26","date_gmt":"2013-08-12T00:08:26","guid":{"rendered":"http:\/\/www.dilui.com.br\/?post_type=product&#038;p=309"},"modified":"2019-05-07T15:11:28","modified_gmt":"2019-05-07T15:11:28","slug":"suporte-papel-higienico-rolon","status":"publish","type":"product","link":"https:\/\/www.dilui.com.br\/?product=suporte-papel-higienico-rolon","title":{"rendered":"Suporte Papel Higi\u00eanico Rolon"},"content":{"rendered":"<p>Cor: Branca<br \/>\nCaracter\u00edsticas: Base e tampa em Poliestireno Branco de Alto Impacto Fechamento com chave.<br \/>\nCapacidade: Papel Higi\u00eanico em Rolos at\u00e9 500m<\/p>\n","protected":false},"excerpt":{"rendered":"<p>Cor: Branca Caracter\u00edsticas: Base e tampa em Poliestireno Branco de Alto Impacto Fechamento com chave. Capacidade: Papel Higi\u00eanico em Rolos at\u00e9 500m<\/p>\n","protected":false},"featured_media":167,"comment_status":"closed","ping_status":"closed","template":"","meta":{"kt_blocks_editor_width":""},"_links":{"self":[{"href":"https:\/\/www.dilui.com.br\/index.php?rest_route=\/wp\/v2\/product\/309"}],"collection":[{"href":"https:\/\/www.dilui.com.br\/index.php?rest_route=\/wp\/v2\/product"}],"about":[{"href":"https:\/\/www.dilui.com.br\/index.php?rest_route=\/wp\/v2\/types\/product"}],"replies":[{"embeddable":true,"href":"https:\/\/www.dilui.com.br\/index.php?rest_route=%2Fwp%2Fv2%2Fcomments&post=309"}],"wp:featuredmedia":[{"embeddable":true,"href":"https:\/\/www.dilui.com.br\/index.php?rest_route=\/wp\/v2\/media\/167"}],"wp:attachment":[{"href":"https:\/\/www.dilui.com.br\/index.php?rest_route=%2Fwp%2Fv2%2Fmedia&parent=309"}],"curies":[{"name":"wp","href":"https:\/\/api.w.org\/{rel}","templated":true}]}}