{"id":308,"date":"2013-08-11T23:57:06","date_gmt":"2013-08-11T23:57:06","guid":{"rendered":"http:\/\/www.dilui.com.br\/?post_type=product&#038;p=308"},"modified":"2019-05-07T15:11:34","modified_gmt":"2019-05-07T15:11:34","slug":"suporte-p-papel-higienico-inox","status":"publish","type":"product","link":"https:\/\/www.dilui.com.br\/?product=suporte-p-papel-higienico-inox","title":{"rendered":"Suporte p\/ Papel Higi\u00eanico &#8211; Inox"},"content":{"rendered":"<p>&#8211; Suporte Papel Higi\u00eanico Flag com Refil;<br \/>\n&#8211; Material: A\u00e7o Inox Polido<br \/>\n&#8211; Aliando modernidade, beleza e praticidade;<\/p>\n<p>&#8211; Dimens\u00f5es: Altura: 57,00 cm, Largura: 14,00 cm, Profundidade: 14,00 cm;<br \/>\n&#8211; Peso: 2,00 kg;<\/p>\n","protected":false},"excerpt":{"rendered":"<p>&#8211; Suporte Papel Higi\u00eanico Flag com Refil; &#8211; Material: A\u00e7o Inox Polido &#8211; Aliando modernidade, beleza e praticidade; &#8211; Dimens\u00f5es: Altura: 57,00 cm, Largura: 14,00 cm, Profundidade: 14,00 cm; &#8211; Peso: 2,00 kg;<\/p>\n","protected":false},"featured_media":166,"comment_status":"closed","ping_status":"closed","template":"","meta":{"kt_blocks_editor_width":""},"_links":{"self":[{"href":"https:\/\/www.dilui.com.br\/index.php?rest_route=\/wp\/v2\/product\/308"}],"collection":[{"href":"https:\/\/www.dilui.com.br\/index.php?rest_route=\/wp\/v2\/product"}],"about":[{"href":"https:\/\/www.dilui.com.br\/index.php?rest_route=\/wp\/v2\/types\/product"}],"replies":[{"embeddable":true,"href":"https:\/\/www.dilui.com.br\/index.php?rest_route=%2Fwp%2Fv2%2Fcomments&post=308"}],"wp:featuredmedia":[{"embeddable":true,"href":"https:\/\/www.dilui.com.br\/index.php?rest_route=\/wp\/v2\/media\/166"}],"wp:attachment":[{"href":"https:\/\/www.dilui.com.br\/index.php?rest_route=%2Fwp%2Fv2%2Fmedia&parent=308"}],"curies":[{"name":"wp","href":"https:\/\/api.w.org\/{rel}","templated":true}]}}