{"id":299,"date":"2013-08-09T14:20:05","date_gmt":"2013-08-09T14:20:05","guid":{"rendered":"http:\/\/www.dilui.com.br\/?post_type=product&#038;p=299"},"modified":"2019-05-07T15:12:01","modified_gmt":"2019-05-07T15:12:01","slug":"saco-para-lixo-preto-100l","status":"publish","type":"product","link":"https:\/\/www.dilui.com.br\/?product=saco-para-lixo-preto-100l","title":{"rendered":"Saco para Lixo &#8211; Preto 100L"},"content":{"rendered":"<p>Sacos p\/ Lixo 100 Lts Preto c\/ 100UNIDS<\/p>\n<p>Super Resistente,\u00a0Sanfonado,\u00a0Solda Dupla<br \/>\nPeso: 5kg<br \/>\nUso exclusivo para acondicionamento de lixo<br \/>\nN\u00e3o adequado a conte\u00fados perfurantes<br \/>\nManter fora do alcance de crian\u00e7as<\/p>\n","protected":false},"excerpt":{"rendered":"<p>Sacos p\/ Lixo 100 Lts Preto c\/ 100UNIDS Super Resistente,\u00a0Sanfonado,\u00a0Solda Dupla Peso: 5kg Uso exclusivo para acondicionamento de lixo N\u00e3o adequado a conte\u00fados perfurantes Manter fora do alcance de crian\u00e7as<\/p>\n","protected":false},"featured_media":162,"comment_status":"closed","ping_status":"closed","template":"","meta":{"kt_blocks_editor_width":""},"_links":{"self":[{"href":"https:\/\/www.dilui.com.br\/index.php?rest_route=\/wp\/v2\/product\/299"}],"collection":[{"href":"https:\/\/www.dilui.com.br\/index.php?rest_route=\/wp\/v2\/product"}],"about":[{"href":"https:\/\/www.dilui.com.br\/index.php?rest_route=\/wp\/v2\/types\/product"}],"replies":[{"embeddable":true,"href":"https:\/\/www.dilui.com.br\/index.php?rest_route=%2Fwp%2Fv2%2Fcomments&post=299"}],"wp:featuredmedia":[{"embeddable":true,"href":"https:\/\/www.dilui.com.br\/index.php?rest_route=\/wp\/v2\/media\/162"}],"wp:attachment":[{"href":"https:\/\/www.dilui.com.br\/index.php?rest_route=%2Fwp%2Fv2%2Fmedia&parent=299"}],"curies":[{"name":"wp","href":"https:\/\/api.w.org\/{rel}","templated":true}]}}