{"id":295,"date":"2013-08-09T13:50:57","date_gmt":"2013-08-09T13:50:57","guid":{"rendered":"http:\/\/www.dilui.com.br\/?post_type=product&#038;p=295"},"modified":"2019-05-07T15:12:34","modified_gmt":"2019-05-07T15:12:34","slug":"papel-toalha-fardo-12unids","status":"publish","type":"product","link":"https:\/\/www.dilui.com.br\/?product=papel-toalha-fardo-12unids","title":{"rendered":"Papel Toalha Fardo 12UNIDS"},"content":{"rendered":"<p>Papel Toalha Donna \u00e9 ideal para acompanhar refei\u00e7\u00f5es, lanches e aperitivos do dia a dia.<\/p>\n<p>O papel toalha Donna oferece a qualidade da folha branca e macia e a m\u00e1xima absor\u00e7\u00e3o de alimentos oleosos.<\/p>\n<p>Pacote cont\u00e9m 12 rolos.<\/p>\n","protected":false},"excerpt":{"rendered":"<p>Papel Toalha Donna \u00e9 ideal para acompanhar refei\u00e7\u00f5es, lanches e aperitivos do dia a dia. O papel toalha Donna oferece a qualidade da folha branca e macia e a m\u00e1xima absor\u00e7\u00e3o de alimentos oleosos. Pacote cont\u00e9m 12 rolos.<\/p>\n","protected":false},"featured_media":158,"comment_status":"closed","ping_status":"closed","template":"","meta":{"kt_blocks_editor_width":""},"_links":{"self":[{"href":"https:\/\/www.dilui.com.br\/index.php?rest_route=\/wp\/v2\/product\/295"}],"collection":[{"href":"https:\/\/www.dilui.com.br\/index.php?rest_route=\/wp\/v2\/product"}],"about":[{"href":"https:\/\/www.dilui.com.br\/index.php?rest_route=\/wp\/v2\/types\/product"}],"replies":[{"embeddable":true,"href":"https:\/\/www.dilui.com.br\/index.php?rest_route=%2Fwp%2Fv2%2Fcomments&post=295"}],"wp:featuredmedia":[{"embeddable":true,"href":"https:\/\/www.dilui.com.br\/index.php?rest_route=\/wp\/v2\/media\/158"}],"wp:attachment":[{"href":"https:\/\/www.dilui.com.br\/index.php?rest_route=%2Fwp%2Fv2%2Fmedia&parent=295"}],"curies":[{"name":"wp","href":"https:\/\/api.w.org\/{rel}","templated":true}]}}